{"id":615,"date":"2023-04-22T15:49:06","date_gmt":"2023-04-22T15:49:06","guid":{"rendered":"https:\/\/nomadsdiving-bali.com\/?post_type=product&#038;p=615"},"modified":"2026-02-17T17:24:17","modified_gmt":"2026-02-17T09:24:17","slug":"basic-diver","status":"publish","type":"product","link":"https:\/\/nomadsdiving-bali.com\/fr\/produit\/basic-diver\/","title":{"rendered":"Basic Diver"},"content":{"rendered":"<div class=\"fusion-fullwidth fullwidth-box fusion-builder-row-1 fusion-flex-container nonhundred-percent-fullwidth non-hundred-percent-height-scrolling fusion-animated\" style=\"--awb-border-radius-top-left:0px;--awb-border-radius-top-right:0px;--awb-border-radius-bottom-right:0px;--awb-border-radius-bottom-left:0px;--awb-flex-wrap:wrap;\" data-animationtype=\"fadeInUp\" data-animationduration=\"1.3\" data-animationoffset=\"top-into-view\" ><div class=\"fusion-builder-row fusion-row fusion-flex-align-items-flex-start fusion-flex-content-wrap\" style=\"max-width:1248px;margin-left: calc(-4% \/ 2 );margin-right: calc(-4% \/ 2 );\"><div class=\"fusion-layout-column fusion_builder_column fusion-builder-column-0 fusion_builder_column_1_1 1_1 fusion-flex-column\" style=\"--awb-bg-blend:overlay;--awb-bg-size:cover;--awb-width-large:100%;--awb-margin-top-large:0px;--awb-spacing-right-large:1.92%;--awb-margin-bottom-large:0px;--awb-spacing-left-large:1.92%;--awb-width-medium:100%;--awb-spacing-right-medium:1.92%;--awb-spacing-left-medium:1.92%;--awb-width-small:100%;--awb-spacing-right-small:1.92%;--awb-spacing-left-small:1.92%;\"><div class=\"fusion-column-wrapper fusion-flex-justify-content-flex-start fusion-content-layout-column\"><div class=\"fusion-title title fusion-title-1 fusion-sep-none fusion-title-text fusion-title-size-four\"><h4 class=\"fusion-title-heading title-heading-left\" style=\"margin:0;\">Description<\/h4><\/div><div class=\"fusion-text fusion-text-1 fusion-text-no-margin\" style=\"--awb-margin-bottom:60px;\"><p>Votre premier pas dans le monde sous-marin. Un bapt\u00eame de plong\u00e9e est <strong>une exp\u00e9rience inoubliable<\/strong>. De nouvelles sensations, un nouvel environnement et de nouvelles merveilles vous attendent lors de votre premier stage de plong\u00e9e. Vous apprendrez les comp\u00e9tences et les connaissances dont vous avez besoin pour essayer la plong\u00e9e jusqu'\u00e0 12 m\u00e8tres de profondeur avec l'un de nos tr\u00e8s sympathiques professionnels SSI dans notre piscine. Nous sommes l\u00e0 pour vous aider et vous mettrons \u00e0 l'aise pendant que vous d\u00e9terminez votre propre rythme.<\/p>\n<p>Ensuite vous embarquerez sur le bateau pour d\u00e9couvrir le monde sous-marin pour deux plong\u00e9es dans deux spots diff\u00e9rents.<\/p>\n<p>Toutes nos plong\u00e9es comprennent un \u00e9quipement complet, une collation avec des fruits frais et plus encore, du caf\u00e9, du th\u00e9 et de l'eau et un d\u00e9jeuner indon\u00e9sien bien m\u00e9rit\u00e9 chez Nomad. Ce sera ensuite le moment de d\u00e9couvrir vos vid\u00e9os et photos si vous avez demand\u00e9 notre Gopro et de partager votre premi\u00e8re exp\u00e9rience.<\/p>\n<\/div><div class=\"fusion-image-element\" style=\"--awb-margin-bottom:60px;--awb-caption-text-size:var(--awb-typography3-font-size);--awb-caption-text-transform:var(--awb-typography3-text-transform);--awb-caption-text-line-height:var(--awb-typography3-line-height);--awb-caption-text-letter-spacing:var(--awb-typography3-letter-spacing);--awb-caption-margin-top:30px;--awb-caption-title-font-family:var(--awb-typography3-font-family);--awb-caption-title-font-weight:var(--awb-typography3-font-weight);--awb-caption-title-font-style:var(--awb-typography3-font-style);--awb-caption-title-size:var(--awb-typography3-font-size);--awb-caption-title-transform:var(--awb-typography3-text-transform);--awb-caption-title-line-height:var(--awb-typography3-line-height);--awb-caption-title-letter-spacing:var(--awb-typography3-letter-spacing);--awb-caption-text-font-family:var(--awb-typography3-font-family);--awb-caption-text-font-weight:var(--awb-typography3-font-weight);--awb-caption-text-font-style:var(--awb-typography3-font-style);\"><span class=\"fusion-imageframe imageframe-none imageframe-1 hover-type-none\"><img decoding=\"async\" width=\"600\" height=\"450\" title=\"dive-mantapoint\" src=\"https:\/\/nomadsdiving-bali.com\/wp-content\/uploads\/2024\/01\/dive-mantapoint.jpg\" data-orig-src=\"https:\/\/nomadsdiving-bali.com\/wp-content\/uploads\/2024\/01\/dive-mantapoint.jpg\" alt class=\"lazyload img-responsive wp-image-1193\" srcset=\"data:image\/svg+xml,%3Csvg%20xmlns%3D%27http%3A%2F%2Fwww.w3.org%2F2000%2Fsvg%27%20width%3D%27600%27%20height%3D%27450%27%20viewBox%3D%270%200%20600%20450%27%3E%3Crect%20width%3D%27600%27%20height%3D%27450%27%20fill-opacity%3D%220%22%2F%3E%3C%2Fsvg%3E\" data-srcset=\"https:\/\/nomadsdiving-bali.com\/wp-content\/uploads\/2024\/01\/dive-mantapoint-200x150.jpg 200w, https:\/\/nomadsdiving-bali.com\/wp-content\/uploads\/2024\/01\/dive-mantapoint-400x300.jpg 400w, https:\/\/nomadsdiving-bali.com\/wp-content\/uploads\/2024\/01\/dive-mantapoint.jpg 600w\" data-sizes=\"auto\" data-orig-sizes=\"(max-width: 640px) 100vw, 600px\" \/><\/span><\/div><\/div><\/div><div class=\"fusion-layout-column fusion_builder_column fusion-builder-column-1 fusion_builder_column_1_1 1_1 fusion-flex-column\" style=\"--awb-bg-size:cover;--awb-width-large:100%;--awb-margin-top-large:0px;--awb-spacing-right-large:1.92%;--awb-margin-bottom-large:20px;--awb-spacing-left-large:1.92%;--awb-width-medium:100%;--awb-order-medium:0;--awb-spacing-right-medium:1.92%;--awb-spacing-left-medium:1.92%;--awb-width-small:100%;--awb-order-small:0;--awb-spacing-right-small:1.92%;--awb-spacing-left-small:1.92%;\"><div class=\"fusion-column-wrapper fusion-column-has-shadow fusion-flex-justify-content-flex-start fusion-content-layout-column\"><div class=\"fusion-tabs fusion-tabs-1 classic nav-is-justified horizontal-tabs icon-position-left mobile-mode-carousel mobile-sticky-tabs\" style=\"--awb-margin-top:80px;--awb-margin-bottom:80px;--awb-title-border-radius-top-left:0px;--awb-title-border-radius-top-right:0px;--awb-title-border-radius-bottom-right:0px;--awb-title-border-radius-bottom-left:0px;--awb-content-padding-top:50px;--awb-content-padding-right:50px;--awb-content-padding-bottom:20px;--awb-content-padding-left:50px;--awb-title-padding-top:25px;--awb-title-padding-right:20px;--awb-title-padding-bottom:25px;--awb-title-padding-left:20px;--awb-title-font-size:24px;--awb-title-text-transform:var(--awb-typography1-text-transform);--awb-title-line-height:1.7;--awb-title-letter-spacing:var(--awb-typography1-letter-spacing);--awb-alignment:start;--awb-inactive-color:#ffffff;--awb-title-text-color:#141617;--awb-title-active-text-color:#129e76;--awb-background-color:#eff4f2;--awb-border-color:rgba(255,255,255,0);--awb-active-border-color:#129e76;--awb-title-font-family:&quot;Gentium Plus&quot;;--awb-title-font-style:normal;--awb-title-font-weight:400;\"><div class=\"nav\"><ul class=\"nav-tabs nav-justified\" role=\"tablist\"><li class=\"active\" role=\"presentation\"><a class=\"tab-link\" data-toggle=\"tab\" role=\"tab\" aria-controls=\"tab-fdcbe5202a0bf43caf0\" aria-selected=\"true\" id=\"fusion-tab-informations\" href=\"#tab-fdcbe5202a0bf43caf0\"><h3 class=\"fusion-tab-heading\"><i class=\"fontawesome-icon fa-info-circle fas\" aria-hidden=\"true\" style=\"font-size:14px;\"><\/i>INFORMATIONS<\/h3><\/a><\/li><li role=\"presentation\"><a class=\"tab-link\" data-toggle=\"tab\" role=\"tab\" aria-controls=\"tab-5055d21d1ba8f8aa5ac\" aria-selected=\"false\" tabindex=\"-1\" id=\"fusion-tab-preparation\" href=\"#tab-5055d21d1ba8f8aa5ac\"><h3 class=\"fusion-tab-heading\"><i class=\"fontawesome-icon fa-praying-hands fas\" aria-hidden=\"true\" style=\"font-size:14px;\"><\/i>PREPARATION<\/h3><\/a><\/li><li role=\"presentation\"><a class=\"tab-link\" data-toggle=\"tab\" role=\"tab\" aria-controls=\"tab-747f6a226dbddb8c52b\" aria-selected=\"false\" tabindex=\"-1\" id=\"fusion-tab-calendar\" href=\"#tab-747f6a226dbddb8c52b\"><h3 class=\"fusion-tab-heading\"><i class=\"fontawesome-icon fa-calendar-check fas\" aria-hidden=\"true\" style=\"font-size:14px;\"><\/i>CALENDRIER<\/h3><\/a><\/li><\/ul><\/div><div class=\"tab-content\"><div class=\"tab-pane fade fusion-clearfix in active\" role=\"tabpanel\" tabindex=\"0\" aria-labelledby=\"fusion-tab-informations\" id=\"tab-fdcbe5202a0bf43caf0\"><img decoding=\"async\" class=\"lazyload alignleft wp-image-2979 size-medium\" style=\"margin: 0 50px 30px 0;\" src=\"data:image\/svg+xml,%3Csvg%20xmlns%3D%27http%3A%2F%2Fwww.w3.org%2F2000%2Fsvg%27%20width%3D%27300%27%20height%3D%27379%27%20viewBox%3D%270%200%20300%20379%27%3E%3Crect%20width%3D%27300%27%20height%3D%27379%27%20fill-opacity%3D%220%22%2F%3E%3C%2Fsvg%3E\" data-orig-src=\"https:\/\/nomadsdiving-bali.com\/wp-content\/uploads\/2024\/03\/product-temp15.jpg\" alt=\"\" width=\"300\" height=\"379\" \/><\/p>\n<p><strong>DUREE :<\/strong> 1 jour<br \/>\n<strong><br \/>\nBUDGET :<\/strong> 1 900 000 IDR<br \/>\n<strong><br \/>\nAGE MINIMUM :<\/strong> 10 ans<br \/>\n<strong><br \/>\nPRE-REQUIS :<\/strong> aucun<\/div><div class=\"tab-pane fade fusion-clearfix\" role=\"tabpanel\" tabindex=\"0\" aria-labelledby=\"fusion-tab-preparation\" id=\"tab-5055d21d1ba8f8aa5ac\"><img decoding=\"async\" class=\"lazyload alignleft size-medium wp-image-2981\" style=\"margin: 0 50px 30px 0;\" src=\"data:image\/svg+xml,%3Csvg%20xmlns%3D%27http%3A%2F%2Fwww.w3.org%2F2000%2Fsvg%27%20width%3D%27300%27%20height%3D%27379%27%20viewBox%3D%270%200%20300%20379%27%3E%3Crect%20width%3D%27300%27%20height%3D%27379%27%20fill-opacity%3D%220%22%2F%3E%3C%2Fsvg%3E\" data-orig-src=\"https:\/\/nomadsdiving-bali.com\/wp-content\/uploads\/2024\/01\/product-temp8.jpg\" alt=\"\" width=\"300\" height=\"379\" \/><br \/>\n<strong>Rien d'obligatoire<\/strong><\/div><div class=\"tab-pane fade fusion-clearfix\" role=\"tabpanel\" tabindex=\"0\" aria-labelledby=\"fusion-tab-calendar\" id=\"tab-747f6a226dbddb8c52b\">Veuillez v\u00e9rifier la disponibilit\u00e9 de votre session avec ce calendrier\u00a0!<\/p>\n<div align=\"center\"><div class='wpbc_only_calendar wpbc_container'><div id='calendar_booking_unselectable1'><\/div><span ><div style=\"clear:both;height:10px;\"><\/div><div class=\"wpbc_calendar_wraper wpbc_change_over_triangle wpbc_calendar_skin_legacy\"><div class=\"wpbc_cal_container bk_calendar_frame wpbc_no_custom_width  months_num_in_row_ cal_month_num_2\" style=\"\"><div id=\"calendar_booking1\"  class=\"wpbc_calendar_id_1\" >\t<div class=\"calendar_loader_frame calendar_loader_frame1\"\r\n\t\tdata-wpbc-rid=\"1\"\r\n\t\tdata-wpbc-grace=\"8000\"\r\n\t\tstyle=\"--wpbc-loader-cols: 2;\"\r\n\t>\r\n\t\t<div class=\"calendar_loader_text\">Loading...<\/div>\r\n\t\t<div class=\"calendar_loader_frame__progress_line_container\">\r\n\t\t\t<div class=\"calendar_loader_frame__progress_line\"><\/div>\r\n\t\t<\/div>\r\n\t<\/div>\r\n\t<\/div><\/div><div style=\"font-size:7px;text-align:left;margin:0 0 10px;text-shadow: none;\">Propos\u00e9 par <a href=\"https:\/\/wpbookingcalendar.com\" style=\"font-size:7px;\" target=\"_blank\" title=\"Booking Calendar plugin for WordPress\">Booking Calendar<\/a><\/div><textarea id=\"date_booking1\" name=\"date_booking1\" autocomplete=\"off\" style=\"display:none;\"><\/textarea><div class=\"block_hints datepick\"><div class=\"wpdev_hint_with_text\"><div class=\"\"><div class=\"datepick-inline wpbc_calendar_legend_table_width_height\"><table class=\"datepick wpbc_calendar\" style=\"\"><tbody><tr><td class=\"datepick-days-cell date_available wpbc_calendar_legend_day_cell_height\"><div class=\"wpbc-cell-box\">\t<div class=\"date-cell-content\">\t\t<div class=\"date-content-top\"><\/div>\t\t<a>&nbsp;<\/a>\t\t<div class=\"date-content-bottom\"><\/div>\t<\/div><\/div><\/td><\/tr><\/tbody><\/table><\/div><\/div><div class=\"block_text\">- <\/div><div class=\"block_text\">Disponible<\/div><\/div><div class=\"wpdev_hint_with_text\"><div class=\"\"><div class=\"datepick-inline wpbc_calendar_legend_table_width_height\"><table class=\"datepick wpbc_calendar\" style=\"\"><tbody><tr><td class=\"datepick-days-cell datepick-unselectable date_user_unavailable full_day_booking date_approved wpbc_calendar_legend_day_cell_height\"><div class=\"wpbc-cell-box\">\t<div class=\"date-cell-content\">\t\t<div class=\"date-content-top\"><\/div>\t\t<span>&nbsp;<\/span>\t\t<div class=\"date-content-bottom\"><\/div>\t<\/div><\/div><\/td><\/tr><\/tbody><\/table><\/div><\/div><div class=\"block_text\">- <\/div><div class=\"block_text\">R\u00e9serv\u00e9<\/div><\/div><div class=\"wpdev_hint_with_text\"><div class=\"\"><div class=\"datepick-inline wpbc_calendar_legend_table_width_height\"><table class=\"datepick wpbc_calendar\" style=\"\"><tbody><tr><td class=\"datepick-days-cell datepick-unselectable date_user_unavailable full_day_booking date2approve wpbc_calendar_legend_day_cell_height\"><div class=\"wpbc-cell-box\">\t<div class=\"date-cell-content\">\t\t<div class=\"date-content-top\"><\/div>\t\t<span>&nbsp;<\/span>\t\t<div class=\"date-content-bottom\"><\/div>\t<\/div><\/div><\/td><\/tr><\/tbody><\/table><\/div><\/div><div class=\"block_text\">- <\/div><div class=\"block_text\">En attente<\/div><\/div><div class=\"wpdev_hint_with_text\"><div class=\"\"><span class=\"wpbc_change_over_triangle\"><div class=\"datepick-inline wpbc_calendar_legend_table_width_height\"><table class=\"datepick wpbc_calendar\" style=\"\"><tbody><tr><td class=\"datepick-days-cell date_available date2approve timespartly times_clock wpbc_calendar_legend_day_cell_height\"><div class=\"wpbc-cell-box\">\t<div class=\"wpbc-diagonal-el\">\t\t<div class=\"wpbc-co-out\"><svg height=\"100%\" width=\"100%\" viewbox=\"0 0 100 100\" preserveaspectratio=\"none\"><polygon points=\"0,0 0,99 99,0\"><\/polygon><polygon points=\"0,0 0,100 49,100 49,0\"><\/polygon><\/svg><\/div>\t\t<div class=\"wpbc-co-in\"><svg height=\"100%\" width=\"100%\" viewbox=\"0 0 98 98\" preserveaspectratio=\"none\"><polygon points=\"0,99 99,99 99,0\"><\/polygon><polygon points=\"50,98 98,98 98,0 50,0\"><\/polygon><\/svg><\/div>\t<\/div>\t<div class=\"date-cell-content\">\t\t<div class=\"date-content-top\"><div class=\"wpbc_time_dots\">\u00b7<\/div><\/div>\t\t<a>&nbsp;<\/a>\t\t<div class=\"date-content-bottom\"><\/div>\t<\/div><\/div><\/td><\/tr><\/tbody><\/table><\/div><\/span><\/div><div class=\"block_text\">- <\/div><div class=\"block_text\">Partiellement r\u00e9serv\u00e9<\/div><\/div><\/div><\/div> <script type=\"text\/javascript\"> (function() { var a = setInterval( function() {  if ( ( 'undefined' === typeof _wpbc ) || ( 'undefined' === typeof jQuery ) || ! window.jQuery ) { return; } clearInterval( a ); jQuery( document ).ready( function (){ _wpbc.balancer__set_max_threads( 3 );  _wpbc.calendar__set_param_value( 1 , 'calendar_scroll_to' , false );  _wpbc.calendar__set_param_value( 1 , 'calendar_dates_start' , \"\" );  _wpbc.calendar__set_param_value( 1 , 'calendar_dates_end'   , \"\" );  _wpbc.calendar__set_param_value( 1 , 'booking_max_monthes_in_calendar' , \"2y\" );  _wpbc.calendar__set_param_value( 1 , 'booking_start_day_weeek' , \"1\" );  _wpbc.calendar__set_param_value( 1 , 'calendar_number_of_months' , \"2\" );  _wpbc.calendar__set_param_value( 1, 'days_select_mode', \"multiple\" );  _wpbc.calendar__set_param_value( 1, 'fixed__days_num', 0 );  _wpbc.calendar__set_param_value( 1, 'fixed__week_days__start',   [] );  _wpbc.calendar__set_param_value( 1, 'dynamic__days_min', 0 );  _wpbc.calendar__set_param_value( 1, 'dynamic__days_max', 0 );  _wpbc.calendar__set_param_value( 1, 'dynamic__days_specific',    [] );  _wpbc.calendar__set_param_value( 1, 'dynamic__week_days__start', [] );  _wpbc.calendar__set_param_value( 1, 'booking_date_format', \"j F Y\" );  _wpbc.calendar__set_param_value( 1, 'booking_time_format', \"Ghi\" );  if ( 'function' === typeof ( wpbc__conditions__SAVE_INITIAL__days_selection_params__bm ) ) { wpbc__conditions__SAVE_INITIAL__days_selection_params__bm( 1 ); }  wpbc_calendar_show(\"1\");  _wpbc.set_secure_param('nonce', \"9f5f172b0b\");  _wpbc.set_secure_param('user_id', \"0\");  _wpbc.set_secure_param('locale', \"fr_FR\");  wpbc_calendar__load_data__ajx({\"resource_id\":1,\"booking_hash\":\"\",\"request_uri\":\"\\\/fr\\\/wp-json\\\/wp\\\/v2\\\/product\\\/615\",\"custom_form\":\"standard\",\"aggregate_resource_id_str\":\"\",\"aggregate_type\":\"all\"}); } ); }, 500 ); })();<\/script><\/span><\/div><\/div>\n<\/div><\/div><\/div><\/div><\/div><\/div><\/div>","protected":false},"excerpt":{"rendered":"<p>Votre premier pas dans le monde sous-marin. Un bapt\u00eame de plong\u00e9e est une exp\u00e9rience inoubliable.<\/p>","protected":false},"featured_media":1076,"template":"","meta":{"iawp_total_views":1579},"product_brand":[],"product_cat":[36],"product_tag":[],"class_list":{"0":"post-615","1":"product","2":"type-product","3":"status-publish","4":"has-post-thumbnail","6":"product_cat-courses","8":"first","9":"instock","10":"shipping-taxable","11":"purchasable","12":"product-type-simple"},"yoast_head":"<!-- This site is optimized with the Yoast SEO plugin v24.3 - https:\/\/yoast.com\/wordpress\/plugins\/seo\/ -->\n<title>Basic Diver - Nomads Diving Bali<\/title>\n<meta name=\"robots\" content=\"index, follow, max-snippet:-1, max-image-preview:large, max-video-preview:-1\" \/>\n<link rel=\"canonical\" href=\"https:\/\/nomadsdiving-bali.com\/fr\/produit\/basic-diver\/\" \/>\n<meta property=\"og:locale\" content=\"fr_FR\" \/>\n<meta property=\"og:type\" content=\"article\" \/>\n<meta property=\"og:title\" content=\"Basic Diver - Nomads Diving Bali\" \/>\n<meta property=\"og:description\" content=\"Your first step in the underwater world. A diving baptism is an unforgettable experience.\" \/>\n<meta property=\"og:url\" content=\"https:\/\/nomadsdiving-bali.com\/fr\/produit\/basic-diver\/\" \/>\n<meta property=\"og:site_name\" content=\"Nomads Diving Bali\" \/>\n<meta property=\"article:modified_time\" content=\"2026-02-17T09:24:17+00:00\" \/>\n<meta property=\"og:image\" content=\"https:\/\/nomadsdiving-bali.com\/wp-content\/uploads\/2023\/04\/product-temp3.jpg\" \/>\n\t<meta property=\"og:image:width\" content=\"2000\" \/>\n\t<meta property=\"og:image:height\" content=\"1200\" \/>\n\t<meta property=\"og:image:type\" content=\"image\/jpeg\" \/>\n<meta name=\"twitter:card\" content=\"summary_large_image\" \/>\n<meta name=\"twitter:label1\" content=\"Dur\u00e9e de lecture estim\u00e9e\" \/>\n\t<meta name=\"twitter:data1\" content=\"2 minutes\" \/>\n<script type=\"application\/ld+json\" class=\"yoast-schema-graph\">{\"@context\":\"https:\/\/schema.org\",\"@graph\":[{\"@type\":\"WebPage\",\"@id\":\"https:\/\/nomadsdiving-bali.com\/produit\/basic-diver\/\",\"url\":\"https:\/\/nomadsdiving-bali.com\/produit\/basic-diver\/\",\"name\":\"Basic Diver - Nomads Diving Bali\",\"isPartOf\":{\"@id\":\"https:\/\/nomadsdiving-bali.com\/#website\"},\"primaryImageOfPage\":{\"@id\":\"https:\/\/nomadsdiving-bali.com\/produit\/basic-diver\/#primaryimage\"},\"image\":{\"@id\":\"https:\/\/nomadsdiving-bali.com\/produit\/basic-diver\/#primaryimage\"},\"thumbnailUrl\":\"https:\/\/nomadsdiving-bali.com\/wp-content\/uploads\/2023\/04\/product-temp3.jpg\",\"datePublished\":\"2023-04-22T15:49:06+00:00\",\"dateModified\":\"2026-02-17T09:24:17+00:00\",\"breadcrumb\":{\"@id\":\"https:\/\/nomadsdiving-bali.com\/produit\/basic-diver\/#breadcrumb\"},\"inLanguage\":\"fr-FR\",\"potentialAction\":[{\"@type\":\"ReadAction\",\"target\":[\"https:\/\/nomadsdiving-bali.com\/produit\/basic-diver\/\"]}]},{\"@type\":\"ImageObject\",\"inLanguage\":\"fr-FR\",\"@id\":\"https:\/\/nomadsdiving-bali.com\/produit\/basic-diver\/#primaryimage\",\"url\":\"https:\/\/nomadsdiving-bali.com\/wp-content\/uploads\/2023\/04\/product-temp3.jpg\",\"contentUrl\":\"https:\/\/nomadsdiving-bali.com\/wp-content\/uploads\/2023\/04\/product-temp3.jpg\",\"width\":2000,\"height\":1200},{\"@type\":\"BreadcrumbList\",\"@id\":\"https:\/\/nomadsdiving-bali.com\/produit\/basic-diver\/#breadcrumb\",\"itemListElement\":[{\"@type\":\"ListItem\",\"position\":1,\"name\":\"Accueil\",\"item\":\"https:\/\/nomadsdiving-bali.com\/\"},{\"@type\":\"ListItem\",\"position\":2,\"name\":\"Products\",\"item\":\"https:\/\/nomadsdiving-bali.com\/?page_id=839\"},{\"@type\":\"ListItem\",\"position\":3,\"name\":\"Basic Diver\"}]},{\"@type\":\"WebSite\",\"@id\":\"https:\/\/nomadsdiving-bali.com\/#website\",\"url\":\"https:\/\/nomadsdiving-bali.com\/\",\"name\":\"Nomads Diving Bali\",\"description\":\"Eco Dive Center &amp; Scuba Training in Nusa Penida\",\"publisher\":{\"@id\":\"https:\/\/nomadsdiving-bali.com\/#organization\"},\"potentialAction\":[{\"@type\":\"SearchAction\",\"target\":{\"@type\":\"EntryPoint\",\"urlTemplate\":\"https:\/\/nomadsdiving-bali.com\/?s={search_term_string}\"},\"query-input\":{\"@type\":\"PropertyValueSpecification\",\"valueRequired\":true,\"valueName\":\"search_term_string\"}}],\"inLanguage\":\"fr-FR\"},{\"@type\":\"Organization\",\"@id\":\"https:\/\/nomadsdiving-bali.com\/#organization\",\"name\":\"Nomads Diving Bali\",\"url\":\"https:\/\/nomadsdiving-bali.com\/\",\"logo\":{\"@type\":\"ImageObject\",\"inLanguage\":\"fr-FR\",\"@id\":\"https:\/\/nomadsdiving-bali.com\/#\/schema\/logo\/image\/\",\"url\":\"https:\/\/nomadsdiving-bali.com\/wp-content\/uploads\/2024\/01\/logo-nomadsdiving-bali-homepage-360.png\",\"contentUrl\":\"https:\/\/nomadsdiving-bali.com\/wp-content\/uploads\/2024\/01\/logo-nomadsdiving-bali-homepage-360.png\",\"width\":360,\"height\":360,\"caption\":\"Nomads Diving Bali\"},\"image\":{\"@id\":\"https:\/\/nomadsdiving-bali.com\/#\/schema\/logo\/image\/\"}}]}<\/script>\n<!-- \/ Yoast SEO plugin. -->","yoast_head_json":{"title":"Basic Diver - Nomads Diving Bali","robots":{"index":"index","follow":"follow","max-snippet":"max-snippet:-1","max-image-preview":"max-image-preview:large","max-video-preview":"max-video-preview:-1"},"canonical":"https:\/\/nomadsdiving-bali.com\/fr\/produit\/basic-diver\/","og_locale":"fr_FR","og_type":"article","og_title":"Basic Diver - Nomads Diving Bali","og_description":"Your first step in the underwater world. A diving baptism is an unforgettable experience.","og_url":"https:\/\/nomadsdiving-bali.com\/fr\/produit\/basic-diver\/","og_site_name":"Nomads Diving Bali","article_modified_time":"2026-02-17T09:24:17+00:00","og_image":[{"width":2000,"height":1200,"url":"https:\/\/nomadsdiving-bali.com\/wp-content\/uploads\/2023\/04\/product-temp3.jpg","type":"image\/jpeg"}],"twitter_card":"summary_large_image","twitter_misc":{"Dur\u00e9e de lecture estim\u00e9e":"2 minutes"},"schema":{"@context":"https:\/\/schema.org","@graph":[{"@type":"WebPage","@id":"https:\/\/nomadsdiving-bali.com\/produit\/basic-diver\/","url":"https:\/\/nomadsdiving-bali.com\/produit\/basic-diver\/","name":"Basic Diver - Nomads Diving Bali","isPartOf":{"@id":"https:\/\/nomadsdiving-bali.com\/#website"},"primaryImageOfPage":{"@id":"https:\/\/nomadsdiving-bali.com\/produit\/basic-diver\/#primaryimage"},"image":{"@id":"https:\/\/nomadsdiving-bali.com\/produit\/basic-diver\/#primaryimage"},"thumbnailUrl":"https:\/\/nomadsdiving-bali.com\/wp-content\/uploads\/2023\/04\/product-temp3.jpg","datePublished":"2023-04-22T15:49:06+00:00","dateModified":"2026-02-17T09:24:17+00:00","breadcrumb":{"@id":"https:\/\/nomadsdiving-bali.com\/produit\/basic-diver\/#breadcrumb"},"inLanguage":"fr-FR","potentialAction":[{"@type":"ReadAction","target":["https:\/\/nomadsdiving-bali.com\/produit\/basic-diver\/"]}]},{"@type":"ImageObject","inLanguage":"fr-FR","@id":"https:\/\/nomadsdiving-bali.com\/produit\/basic-diver\/#primaryimage","url":"https:\/\/nomadsdiving-bali.com\/wp-content\/uploads\/2023\/04\/product-temp3.jpg","contentUrl":"https:\/\/nomadsdiving-bali.com\/wp-content\/uploads\/2023\/04\/product-temp3.jpg","width":2000,"height":1200},{"@type":"BreadcrumbList","@id":"https:\/\/nomadsdiving-bali.com\/produit\/basic-diver\/#breadcrumb","itemListElement":[{"@type":"ListItem","position":1,"name":"Accueil","item":"https:\/\/nomadsdiving-bali.com\/"},{"@type":"ListItem","position":2,"name":"Products","item":"https:\/\/nomadsdiving-bali.com\/?page_id=839"},{"@type":"ListItem","position":3,"name":"Basic Diver"}]},{"@type":"WebSite","@id":"https:\/\/nomadsdiving-bali.com\/#website","url":"https:\/\/nomadsdiving-bali.com\/","name":"Nomads Diving Bali","description":"Eco Dive Center &amp; Scuba Training in Nusa Penida","publisher":{"@id":"https:\/\/nomadsdiving-bali.com\/#organization"},"potentialAction":[{"@type":"SearchAction","target":{"@type":"EntryPoint","urlTemplate":"https:\/\/nomadsdiving-bali.com\/?s={search_term_string}"},"query-input":{"@type":"PropertyValueSpecification","valueRequired":true,"valueName":"search_term_string"}}],"inLanguage":"fr-FR"},{"@type":"Organization","@id":"https:\/\/nomadsdiving-bali.com\/#organization","name":"Nomads Diving Bali","url":"https:\/\/nomadsdiving-bali.com\/","logo":{"@type":"ImageObject","inLanguage":"fr-FR","@id":"https:\/\/nomadsdiving-bali.com\/#\/schema\/logo\/image\/","url":"https:\/\/nomadsdiving-bali.com\/wp-content\/uploads\/2024\/01\/logo-nomadsdiving-bali-homepage-360.png","contentUrl":"https:\/\/nomadsdiving-bali.com\/wp-content\/uploads\/2024\/01\/logo-nomadsdiving-bali-homepage-360.png","width":360,"height":360,"caption":"Nomads Diving Bali"},"image":{"@id":"https:\/\/nomadsdiving-bali.com\/#\/schema\/logo\/image\/"}}]}},"_links":{"self":[{"href":"https:\/\/nomadsdiving-bali.com\/fr\/wp-json\/wp\/v2\/product\/615"}],"collection":[{"href":"https:\/\/nomadsdiving-bali.com\/fr\/wp-json\/wp\/v2\/product"}],"about":[{"href":"https:\/\/nomadsdiving-bali.com\/fr\/wp-json\/wp\/v2\/types\/product"}],"wp:featuredmedia":[{"embeddable":true,"href":"https:\/\/nomadsdiving-bali.com\/fr\/wp-json\/wp\/v2\/media\/1076"}],"wp:attachment":[{"href":"https:\/\/nomadsdiving-bali.com\/fr\/wp-json\/wp\/v2\/media?parent=615"}],"wp:term":[{"taxonomy":"product_brand","embeddable":true,"href":"https:\/\/nomadsdiving-bali.com\/fr\/wp-json\/wp\/v2\/product_brand?post=615"},{"taxonomy":"product_cat","embeddable":true,"href":"https:\/\/nomadsdiving-bali.com\/fr\/wp-json\/wp\/v2\/product_cat?post=615"},{"taxonomy":"product_tag","embeddable":true,"href":"https:\/\/nomadsdiving-bali.com\/fr\/wp-json\/wp\/v2\/product_tag?post=615"}],"curies":[{"name":"wp","href":"https:\/\/api.w.org\/{rel}","templated":true}]}}