{"id":1584,"date":"2024-11-01T16:08:14","date_gmt":"2024-11-01T08:08:14","guid":{"rendered":"https:\/\/nomadsdiving-bali.com\/?post_type=product&#038;p=1584"},"modified":"2024-11-01T17:11:11","modified_gmt":"2024-11-01T09:11:11","slug":"mola-mola-hunting","status":"publish","type":"product","link":"https:\/\/nomadsdiving-bali.com\/fr\/produit\/mola-mola-hunting\/","title":{"rendered":"Chasse au Mola Mola"},"content":{"rendered":"<div class=\"fusion-fullwidth fullwidth-box fusion-builder-row-1 fusion-flex-container nonhundred-percent-fullwidth non-hundred-percent-height-scrolling fusion-animated\" style=\"--awb-border-radius-top-left:0px;--awb-border-radius-top-right:0px;--awb-border-radius-bottom-right:0px;--awb-border-radius-bottom-left:0px;--awb-flex-wrap:wrap;\" data-animationtype=\"fadeInUp\" data-animationduration=\"1.3\" data-animationoffset=\"top-into-view\" ><div class=\"fusion-builder-row fusion-row fusion-flex-align-items-flex-start fusion-flex-content-wrap\" style=\"max-width:1248px;margin-left: calc(-4% \/ 2 );margin-right: calc(-4% \/ 2 );\"><div class=\"fusion-layout-column fusion_builder_column fusion-builder-column-0 fusion_builder_column_1_1 1_1 fusion-flex-column\" style=\"--awb-bg-blend:overlay;--awb-bg-size:cover;--awb-width-large:100%;--awb-margin-top-large:0px;--awb-spacing-right-large:1.92%;--awb-margin-bottom-large:0px;--awb-spacing-left-large:1.92%;--awb-width-medium:100%;--awb-spacing-right-medium:1.92%;--awb-spacing-left-medium:1.92%;--awb-width-small:100%;--awb-spacing-right-small:1.92%;--awb-spacing-left-small:1.92%;\"><div class=\"fusion-column-wrapper fusion-flex-justify-content-flex-start fusion-content-layout-column\"><div class=\"fusion-title title fusion-title-1 fusion-sep-none fusion-title-text fusion-title-size-four\"><h4 class=\"fusion-title-heading title-heading-left\" style=\"margin:0;\">Plongez dans l'aventure \u00e0 Nusa Penida\u00a0: chasse aux images Mola Mola\u00a0!<\/h4><\/div><div class=\"fusion-text fusion-text-1 fusion-text-no-margin\" style=\"--awb-margin-bottom:60px;\"><p>Amateurs de plong\u00e9e, \u00eates-vous pr\u00eats \u00e0 rencontrer des cr\u00e9atures extraordinaires ? Vous \u00eates d\u00e9j\u00e0 un plongeur certifi\u00e9 de 30 m\u00e8tres, rejoignez notre <strong>Forfait de chasse aux photos de Mola Mola<\/strong> et partez \u00e0 la chasse aux fameux poissons-lunes qui pourraient bien \u00eatre les stars de votre album photo !<\/p>\n<p><strong>D\u00e9tails du pack :<\/strong><\/p>\n<p><strong>Standard Package:<\/strong><\/p>\n<ul>\n<li><strong>Dur\u00e9e<\/strong> 4 jours (parfait pour devenir un pro de la photographie sous-marine)<\/li>\n<li><strong>Plong\u00e9es :<\/strong> 8 plong\u00e9es (parce qu'une plong\u00e9e c'est comme un ap\u00e9ritif, il en faut plusieurs pour savourer l'exp\u00e9rience !)<\/li>\n<li><strong>Prix :<\/strong> 6,000,000 IDR<\/li>\n<li><strong>Satisfaction garantie :<\/strong> Si le Mola Mola reste un myst\u00e8re pour vous, pas de soucis ! Nous vous remboursons 25 % ! <em>Cette offre est valable du 15 juillet au 15 octobre. Pr\u00eat pour une chasse au Mola en haute saison ?<\/em><\/li>\n<\/ul>\n<p><strong>Pack Casse-cou :<\/strong><\/p>\n<ul>\n<li><strong>Dur\u00e9e<\/strong> 4 jours (pour les plongeurs qui prennent leurs palmes tr\u00e8s au s\u00e9rieux)<\/li>\n<li><strong>Plong\u00e9es :<\/strong> 12 plong\u00e9es (pour ceux qui croient que \u00ab plus c'est mieux \u00bb est un mode de vie !)<\/li>\n<li><strong>Prix :<\/strong> 8,000,000 IDR<\/li>\n<li><strong>Satisfaction garantie :<\/strong> Si le Mola Mola vous ignore, nous vous rembourserons 25 % ! <em>Valable \u00e9galement du 15 juillet au 15 octobre.<\/em><\/li>\n<\/ul>\n<\/div><div class=\"fusion-image-element\" style=\"--awb-margin-bottom:60px;--awb-caption-text-size:var(--awb-typography3-font-size);--awb-caption-text-transform:var(--awb-typography3-text-transform);--awb-caption-text-line-height:var(--awb-typography3-line-height);--awb-caption-text-letter-spacing:var(--awb-typography3-letter-spacing);--awb-caption-margin-top:30px;--awb-caption-title-font-family:var(--awb-typography3-font-family);--awb-caption-title-font-weight:var(--awb-typography3-font-weight);--awb-caption-title-font-style:var(--awb-typography3-font-style);--awb-caption-title-size:var(--awb-typography3-font-size);--awb-caption-title-transform:var(--awb-typography3-text-transform);--awb-caption-title-line-height:var(--awb-typography3-line-height);--awb-caption-title-letter-spacing:var(--awb-typography3-letter-spacing);--awb-caption-text-font-family:var(--awb-typography3-font-family);--awb-caption-text-font-weight:var(--awb-typography3-font-weight);--awb-caption-text-font-style:var(--awb-typography3-font-style);\"><span class=\"fusion-imageframe imageframe-none imageframe-1 hover-type-none\"><img decoding=\"async\" width=\"2000\" height=\"1200\" title=\"product-temp6\" src=\"https:\/\/nomadsdiving-bali.com\/wp-content\/uploads\/2024\/01\/product-temp6.jpg\" data-orig-src=\"https:\/\/nomadsdiving-bali.com\/wp-content\/uploads\/2024\/01\/product-temp6.jpg\" alt class=\"lazyload img-responsive wp-image-1080\" srcset=\"data:image\/svg+xml,%3Csvg%20xmlns%3D%27http%3A%2F%2Fwww.w3.org%2F2000%2Fsvg%27%20width%3D%272000%27%20height%3D%271200%27%20viewBox%3D%270%200%202000%201200%27%3E%3Crect%20width%3D%272000%27%20height%3D%271200%27%20fill-opacity%3D%220%22%2F%3E%3C%2Fsvg%3E\" data-srcset=\"https:\/\/nomadsdiving-bali.com\/wp-content\/uploads\/2024\/01\/product-temp6-200x120.jpg 200w, https:\/\/nomadsdiving-bali.com\/wp-content\/uploads\/2024\/01\/product-temp6-400x240.jpg 400w, https:\/\/nomadsdiving-bali.com\/wp-content\/uploads\/2024\/01\/product-temp6-600x360.jpg 600w, https:\/\/nomadsdiving-bali.com\/wp-content\/uploads\/2024\/01\/product-temp6-800x480.jpg 800w, https:\/\/nomadsdiving-bali.com\/wp-content\/uploads\/2024\/01\/product-temp6-1200x720.jpg 1200w, https:\/\/nomadsdiving-bali.com\/wp-content\/uploads\/2024\/01\/product-temp6.jpg 2000w\" data-sizes=\"auto\" data-orig-sizes=\"(max-width: 640px) 100vw, 1200px\" \/><\/span><\/div><div class=\"fusion-text fusion-text-2 fusion-text-no-margin\" style=\"--awb-margin-bottom:60px;\"><p><strong>Un rendez-vous avec les Raies Manta :<\/strong><br \/>\nEt ce n\u2019est pas tout ! Une de nos plong\u00e9es sera consacr\u00e9e \u00e0 la rencontre du majestueux <strong>Raies Manta<\/strong>. Pr\u00e9parez-vous \u00e0 des moments inoubliables et \u00e0 des photos incroyables avec ces g\u00e9ants gracieux !<\/p>\n<p><strong>Formation sp\u00e9ciale : Deep Dive SSI<\/strong><br \/>\nPour les \u00e2mes aventureuses en qu\u00eate de nouvelles d\u00e9couvertes, inscrivez-vous \u00e0 notre cours <strong>Deep Dive SSI<\/strong> \u00e0 un prix sp\u00e9cial de <strong>2,000,000 IDR<\/strong> pendant la <strong>Chasse aux photos de Mola Mola<\/strong>! Plongez jusqu'\u00e0 <strong>40 m\u00e8tres<\/strong> et explorez des profondeurs fascinantes et des horizons inexplor\u00e9s. D\u00e9couvrez un monde de merveilles sous-marines et admirez des paysages \u00e0 couper le souffle que vous n'auriez jamais imagin\u00e9s !<\/p>\n<p><strong>Autres forfaits sur demande :<\/strong><br \/>\nVous avez des id\u00e9es particuli\u00e8res ou des besoins particuliers ? Nous proposons \u00e9galement d\u2019autres formules sur demande, adapt\u00e9es \u00e0 vos envies. Que vous souhaitiez une exp\u00e9rience plus courte, plus longue ou des plong\u00e9es sur des sites sp\u00e9cifiques, contactez-nous et nous serons ravis de personnaliser votre aventure !<\/p>\n<p>Alors, qu'attendez-vous ? R\u00e9servez votre place d\u00e8s maintenant et pr\u00e9parez-vous \u00e0 vivre des aventures \u00e9piques remplies de bulles et de rires !<\/p>\n<p>Pour plus d'informations et pour r\u00e9server, contactez-nous !<\/p>\n<\/div><\/div><\/div><\/div><\/div>","protected":false},"excerpt":{"rendered":"<p>Amateurs de plong\u00e9e, \u00eates-vous pr\u00eats \u00e0 rencontrer des cr\u00e9atures extraordinaires ? Rejoignez notre forfait Mola Mola Picture Hunting !<\/p>","protected":false},"featured_media":1074,"template":"","meta":{"iawp_total_views":949},"product_brand":[],"product_cat":[37],"product_tag":[],"class_list":{"0":"post-1584","1":"product","2":"type-product","3":"status-publish","4":"has-post-thumbnail","6":"product_cat-fun","8":"first","9":"instock","10":"shipping-taxable","11":"purchasable","12":"product-type-variable"},"yoast_head":"<!-- This site is optimized with the Yoast SEO plugin v24.3 - https:\/\/yoast.com\/wordpress\/plugins\/seo\/ -->\n<title>Mola Mola Hunting - Nomads Diving Bali<\/title>\n<meta name=\"robots\" content=\"index, follow, max-snippet:-1, max-image-preview:large, max-video-preview:-1\" \/>\n<link rel=\"canonical\" href=\"https:\/\/nomadsdiving-bali.com\/fr\/produit\/mola-mola-hunting\/\" \/>\n<meta property=\"og:locale\" content=\"fr_FR\" \/>\n<meta property=\"og:type\" content=\"article\" \/>\n<meta property=\"og:title\" content=\"Mola Mola Hunting - Nomads Diving Bali\" \/>\n<meta property=\"og:description\" content=\"Diving enthusiasts, are you ready to meet extraordinary creatures? Join our Mola Mola Picture Hunting package!\" \/>\n<meta property=\"og:url\" content=\"https:\/\/nomadsdiving-bali.com\/fr\/produit\/mola-mola-hunting\/\" \/>\n<meta property=\"og:site_name\" content=\"Nomads Diving Bali\" \/>\n<meta property=\"article:modified_time\" content=\"2024-11-01T09:11:11+00:00\" \/>\n<meta property=\"og:image\" content=\"https:\/\/nomadsdiving-bali.com\/wp-content\/uploads\/2023\/04\/product-temp1.jpg\" \/>\n\t<meta property=\"og:image:width\" content=\"2000\" \/>\n\t<meta property=\"og:image:height\" content=\"1200\" \/>\n\t<meta property=\"og:image:type\" content=\"image\/jpeg\" \/>\n<meta name=\"twitter:card\" content=\"summary_large_image\" \/>\n<meta name=\"twitter:label1\" content=\"Dur\u00e9e de lecture estim\u00e9e\" \/>\n\t<meta name=\"twitter:data1\" content=\"2 minutes\" \/>\n<script type=\"application\/ld+json\" class=\"yoast-schema-graph\">{\"@context\":\"https:\/\/schema.org\",\"@graph\":[{\"@type\":\"WebPage\",\"@id\":\"https:\/\/nomadsdiving-bali.com\/produit\/mola-mola-hunting\/\",\"url\":\"https:\/\/nomadsdiving-bali.com\/produit\/mola-mola-hunting\/\",\"name\":\"Mola Mola Hunting - Nomads Diving Bali\",\"isPartOf\":{\"@id\":\"https:\/\/nomadsdiving-bali.com\/#website\"},\"primaryImageOfPage\":{\"@id\":\"https:\/\/nomadsdiving-bali.com\/produit\/mola-mola-hunting\/#primaryimage\"},\"image\":{\"@id\":\"https:\/\/nomadsdiving-bali.com\/produit\/mola-mola-hunting\/#primaryimage\"},\"thumbnailUrl\":\"https:\/\/nomadsdiving-bali.com\/wp-content\/uploads\/2023\/04\/product-temp1.jpg\",\"datePublished\":\"2024-11-01T08:08:14+00:00\",\"dateModified\":\"2024-11-01T09:11:11+00:00\",\"breadcrumb\":{\"@id\":\"https:\/\/nomadsdiving-bali.com\/produit\/mola-mola-hunting\/#breadcrumb\"},\"inLanguage\":\"fr-FR\",\"potentialAction\":[{\"@type\":\"ReadAction\",\"target\":[\"https:\/\/nomadsdiving-bali.com\/produit\/mola-mola-hunting\/\"]}]},{\"@type\":\"ImageObject\",\"inLanguage\":\"fr-FR\",\"@id\":\"https:\/\/nomadsdiving-bali.com\/produit\/mola-mola-hunting\/#primaryimage\",\"url\":\"https:\/\/nomadsdiving-bali.com\/wp-content\/uploads\/2023\/04\/product-temp1.jpg\",\"contentUrl\":\"https:\/\/nomadsdiving-bali.com\/wp-content\/uploads\/2023\/04\/product-temp1.jpg\",\"width\":2000,\"height\":1200},{\"@type\":\"BreadcrumbList\",\"@id\":\"https:\/\/nomadsdiving-bali.com\/produit\/mola-mola-hunting\/#breadcrumb\",\"itemListElement\":[{\"@type\":\"ListItem\",\"position\":1,\"name\":\"Accueil\",\"item\":\"https:\/\/nomadsdiving-bali.com\/\"},{\"@type\":\"ListItem\",\"position\":2,\"name\":\"Products\",\"item\":\"https:\/\/nomadsdiving-bali.com\/?page_id=839\"},{\"@type\":\"ListItem\",\"position\":3,\"name\":\"Mola Mola Hunting\"}]},{\"@type\":\"WebSite\",\"@id\":\"https:\/\/nomadsdiving-bali.com\/#website\",\"url\":\"https:\/\/nomadsdiving-bali.com\/\",\"name\":\"Nomads Diving Bali\",\"description\":\"Eco Dive Center &amp; Scuba Training in Nusa Penida\",\"publisher\":{\"@id\":\"https:\/\/nomadsdiving-bali.com\/#organization\"},\"potentialAction\":[{\"@type\":\"SearchAction\",\"target\":{\"@type\":\"EntryPoint\",\"urlTemplate\":\"https:\/\/nomadsdiving-bali.com\/?s={search_term_string}\"},\"query-input\":{\"@type\":\"PropertyValueSpecification\",\"valueRequired\":true,\"valueName\":\"search_term_string\"}}],\"inLanguage\":\"fr-FR\"},{\"@type\":\"Organization\",\"@id\":\"https:\/\/nomadsdiving-bali.com\/#organization\",\"name\":\"Nomads Diving Bali\",\"url\":\"https:\/\/nomadsdiving-bali.com\/\",\"logo\":{\"@type\":\"ImageObject\",\"inLanguage\":\"fr-FR\",\"@id\":\"https:\/\/nomadsdiving-bali.com\/#\/schema\/logo\/image\/\",\"url\":\"https:\/\/nomadsdiving-bali.com\/wp-content\/uploads\/2024\/01\/logo-nomadsdiving-bali-homepage-360.png\",\"contentUrl\":\"https:\/\/nomadsdiving-bali.com\/wp-content\/uploads\/2024\/01\/logo-nomadsdiving-bali-homepage-360.png\",\"width\":360,\"height\":360,\"caption\":\"Nomads Diving Bali\"},\"image\":{\"@id\":\"https:\/\/nomadsdiving-bali.com\/#\/schema\/logo\/image\/\"}}]}<\/script>\n<!-- \/ Yoast SEO plugin. -->","yoast_head_json":{"title":"Mola Mola Hunting - Nomads Diving Bali","robots":{"index":"index","follow":"follow","max-snippet":"max-snippet:-1","max-image-preview":"max-image-preview:large","max-video-preview":"max-video-preview:-1"},"canonical":"https:\/\/nomadsdiving-bali.com\/fr\/produit\/mola-mola-hunting\/","og_locale":"fr_FR","og_type":"article","og_title":"Mola Mola Hunting - Nomads Diving Bali","og_description":"Diving enthusiasts, are you ready to meet extraordinary creatures? Join our Mola Mola Picture Hunting package!","og_url":"https:\/\/nomadsdiving-bali.com\/fr\/produit\/mola-mola-hunting\/","og_site_name":"Nomads Diving Bali","article_modified_time":"2024-11-01T09:11:11+00:00","og_image":[{"width":2000,"height":1200,"url":"https:\/\/nomadsdiving-bali.com\/wp-content\/uploads\/2023\/04\/product-temp1.jpg","type":"image\/jpeg"}],"twitter_card":"summary_large_image","twitter_misc":{"Dur\u00e9e de lecture estim\u00e9e":"2 minutes"},"schema":{"@context":"https:\/\/schema.org","@graph":[{"@type":"WebPage","@id":"https:\/\/nomadsdiving-bali.com\/produit\/mola-mola-hunting\/","url":"https:\/\/nomadsdiving-bali.com\/produit\/mola-mola-hunting\/","name":"Mola Mola Hunting - Nomads Diving Bali","isPartOf":{"@id":"https:\/\/nomadsdiving-bali.com\/#website"},"primaryImageOfPage":{"@id":"https:\/\/nomadsdiving-bali.com\/produit\/mola-mola-hunting\/#primaryimage"},"image":{"@id":"https:\/\/nomadsdiving-bali.com\/produit\/mola-mola-hunting\/#primaryimage"},"thumbnailUrl":"https:\/\/nomadsdiving-bali.com\/wp-content\/uploads\/2023\/04\/product-temp1.jpg","datePublished":"2024-11-01T08:08:14+00:00","dateModified":"2024-11-01T09:11:11+00:00","breadcrumb":{"@id":"https:\/\/nomadsdiving-bali.com\/produit\/mola-mola-hunting\/#breadcrumb"},"inLanguage":"fr-FR","potentialAction":[{"@type":"ReadAction","target":["https:\/\/nomadsdiving-bali.com\/produit\/mola-mola-hunting\/"]}]},{"@type":"ImageObject","inLanguage":"fr-FR","@id":"https:\/\/nomadsdiving-bali.com\/produit\/mola-mola-hunting\/#primaryimage","url":"https:\/\/nomadsdiving-bali.com\/wp-content\/uploads\/2023\/04\/product-temp1.jpg","contentUrl":"https:\/\/nomadsdiving-bali.com\/wp-content\/uploads\/2023\/04\/product-temp1.jpg","width":2000,"height":1200},{"@type":"BreadcrumbList","@id":"https:\/\/nomadsdiving-bali.com\/produit\/mola-mola-hunting\/#breadcrumb","itemListElement":[{"@type":"ListItem","position":1,"name":"Accueil","item":"https:\/\/nomadsdiving-bali.com\/"},{"@type":"ListItem","position":2,"name":"Products","item":"https:\/\/nomadsdiving-bali.com\/?page_id=839"},{"@type":"ListItem","position":3,"name":"Mola Mola Hunting"}]},{"@type":"WebSite","@id":"https:\/\/nomadsdiving-bali.com\/#website","url":"https:\/\/nomadsdiving-bali.com\/","name":"Nomads Diving Bali","description":"Eco Dive Center &amp; Scuba Training in Nusa Penida","publisher":{"@id":"https:\/\/nomadsdiving-bali.com\/#organization"},"potentialAction":[{"@type":"SearchAction","target":{"@type":"EntryPoint","urlTemplate":"https:\/\/nomadsdiving-bali.com\/?s={search_term_string}"},"query-input":{"@type":"PropertyValueSpecification","valueRequired":true,"valueName":"search_term_string"}}],"inLanguage":"fr-FR"},{"@type":"Organization","@id":"https:\/\/nomadsdiving-bali.com\/#organization","name":"Nomads Diving Bali","url":"https:\/\/nomadsdiving-bali.com\/","logo":{"@type":"ImageObject","inLanguage":"fr-FR","@id":"https:\/\/nomadsdiving-bali.com\/#\/schema\/logo\/image\/","url":"https:\/\/nomadsdiving-bali.com\/wp-content\/uploads\/2024\/01\/logo-nomadsdiving-bali-homepage-360.png","contentUrl":"https:\/\/nomadsdiving-bali.com\/wp-content\/uploads\/2024\/01\/logo-nomadsdiving-bali-homepage-360.png","width":360,"height":360,"caption":"Nomads Diving Bali"},"image":{"@id":"https:\/\/nomadsdiving-bali.com\/#\/schema\/logo\/image\/"}}]}},"_links":{"self":[{"href":"https:\/\/nomadsdiving-bali.com\/fr\/wp-json\/wp\/v2\/product\/1584"}],"collection":[{"href":"https:\/\/nomadsdiving-bali.com\/fr\/wp-json\/wp\/v2\/product"}],"about":[{"href":"https:\/\/nomadsdiving-bali.com\/fr\/wp-json\/wp\/v2\/types\/product"}],"wp:featuredmedia":[{"embeddable":true,"href":"https:\/\/nomadsdiving-bali.com\/fr\/wp-json\/wp\/v2\/media\/1074"}],"wp:attachment":[{"href":"https:\/\/nomadsdiving-bali.com\/fr\/wp-json\/wp\/v2\/media?parent=1584"}],"wp:term":[{"taxonomy":"product_brand","embeddable":true,"href":"https:\/\/nomadsdiving-bali.com\/fr\/wp-json\/wp\/v2\/product_brand?post=1584"},{"taxonomy":"product_cat","embeddable":true,"href":"https:\/\/nomadsdiving-bali.com\/fr\/wp-json\/wp\/v2\/product_cat?post=1584"},{"taxonomy":"product_tag","embeddable":true,"href":"https:\/\/nomadsdiving-bali.com\/fr\/wp-json\/wp\/v2\/product_tag?post=1584"}],"curies":[{"name":"wp","href":"https:\/\/api.w.org\/{rel}","templated":true}]}}