{"id":1581,"date":"2024-11-01T16:06:23","date_gmt":"2024-11-01T08:06:23","guid":{"rendered":"https:\/\/nomadsdiving-bali.com\/?post_type=product&#038;p=1581"},"modified":"2024-11-20T00:30:51","modified_gmt":"2024-11-19T16:30:51","slug":"night-dive","status":"publish","type":"product","link":"https:\/\/nomadsdiving-bali.com\/fr\/produit\/night-dive\/","title":{"rendered":"Plong\u00e9e de nuit"},"content":{"rendered":"<div class=\"fusion-fullwidth fullwidth-box fusion-builder-row-1 fusion-flex-container nonhundred-percent-fullwidth non-hundred-percent-height-scrolling fusion-animated\" style=\"--awb-border-radius-top-left:0px;--awb-border-radius-top-right:0px;--awb-border-radius-bottom-right:0px;--awb-border-radius-bottom-left:0px;--awb-flex-wrap:wrap;\" data-animationtype=\"fadeInUp\" data-animationduration=\"1.3\" data-animationoffset=\"top-into-view\" ><div class=\"fusion-builder-row fusion-row fusion-flex-align-items-flex-start fusion-flex-content-wrap\" style=\"max-width:1248px;margin-left: calc(-4% \/ 2 );margin-right: calc(-4% \/ 2 );\"><div class=\"fusion-layout-column fusion_builder_column fusion-builder-column-0 fusion_builder_column_1_1 1_1 fusion-flex-column\" style=\"--awb-bg-blend:overlay;--awb-bg-size:cover;--awb-width-large:100%;--awb-margin-top-large:0px;--awb-spacing-right-large:1.92%;--awb-margin-bottom-large:0px;--awb-spacing-left-large:1.92%;--awb-width-medium:100%;--awb-spacing-right-medium:1.92%;--awb-spacing-left-medium:1.92%;--awb-width-small:100%;--awb-spacing-right-small:1.92%;--awb-spacing-left-small:1.92%;\"><div class=\"fusion-column-wrapper fusion-flex-justify-content-flex-start fusion-content-layout-column\"><div class=\"fusion-title title fusion-title-1 fusion-sep-none fusion-title-text fusion-title-size-four\"><h4 class=\"fusion-title-heading title-heading-left\" style=\"margin:0;\">Plong\u00e9es de nuit \u00e0 Nusa Penida<\/h4><\/div><div class=\"fusion-text fusion-text-1 fusion-text-no-margin\" style=\"--awb-margin-bottom:60px;\"><p><strong>Une exp\u00e9rience inoubliable sous les \u00e9toiles<\/strong><\/p>\n<p>Plongez dans le monde magique des profondeurs marines de Nusa Penida lors de nos plong\u00e9es nocturnes. Pour seulement <strong>900,000 IDR<\/strong>, vivez une aventure unique qui r\u00e9v\u00e8le un monde sous-marin compl\u00e8tement diff\u00e9rent.<\/p>\n<p><strong>Pourquoi plonger de nuit ?<\/strong><\/p>\n<ol>\n<li><strong>Un spectacle \u00e9blouissant :<\/strong> La nuit, la mer se transforme. Les cr\u00e9atures marines nocturnes s'\u00e9veillent, offrant un spectacle fascinant de lumi\u00e8res et de couleurs. Observez crustac\u00e9s, nudibranches et autres merveilles marines nager dans l'obscurit\u00e9, illumin\u00e9s par vos lumi\u00e8res.<\/li>\n<li><strong>Un sens de l'aventure :<\/strong> La plong\u00e9e de nuit ajoute une dimension excitante \u00e0 votre exp\u00e9rience. Ressentez l'adr\u00e9naline en explorant des sites familiers sous un nouveau jour, ou plut\u00f4t, une nouvelle nuit !<\/li>\n<li><strong>Ambiance Intimiste :<\/strong> Moins de plongeurs la nuit signifie une atmosph\u00e8re plus calme et plus intime. \u00c9merveillez-vous devant la beaut\u00e9 des coraux et des paysages sous-marins, loin de l'agitation des plong\u00e9es de jour.<\/li>\n<\/ol>\n<p><strong>Ce que vous allez vivre<\/strong><\/p>\n<ul>\n<li><strong>La s\u00e9curit\u00e9 avant tout :<\/strong> Our experienced instructors will guide you throughout the dive, ensuring your safety and comfort.<\/li>\n<li><strong>Equipement de Qualit\u00e9 :<\/strong> Nous fournissons tout l'\u00e9quipement n\u00e9cessaire, y compris des lumi\u00e8res sous-marines de haute qualit\u00e9 pour une visibilit\u00e9 optimale.<\/li>\n<li><strong>Souvenirs inoubliables :<\/strong> Capturez des moments m\u00e9morables et des photos spectaculaires \u00e0 partager avec vos amis et votre famille.<\/li>\n<\/ul>\n<\/div><div class=\"fusion-image-element\" style=\"--awb-margin-bottom:60px;--awb-caption-text-size:var(--awb-typography3-font-size);--awb-caption-text-transform:var(--awb-typography3-text-transform);--awb-caption-text-line-height:var(--awb-typography3-line-height);--awb-caption-text-letter-spacing:var(--awb-typography3-letter-spacing);--awb-caption-margin-top:30px;--awb-caption-title-font-family:var(--awb-typography3-font-family);--awb-caption-title-font-weight:var(--awb-typography3-font-weight);--awb-caption-title-font-style:var(--awb-typography3-font-style);--awb-caption-title-size:var(--awb-typography3-font-size);--awb-caption-title-transform:var(--awb-typography3-text-transform);--awb-caption-title-line-height:var(--awb-typography3-line-height);--awb-caption-title-letter-spacing:var(--awb-typography3-letter-spacing);--awb-caption-text-font-family:var(--awb-typography3-font-family);--awb-caption-text-font-weight:var(--awb-typography3-font-weight);--awb-caption-text-font-style:var(--awb-typography3-font-style);\"><span class=\"fusion-imageframe imageframe-none imageframe-1 hover-type-none\"><img decoding=\"async\" width=\"2000\" height=\"1200\" title=\"product-temp6\" src=\"https:\/\/nomadsdiving-bali.com\/wp-content\/uploads\/2024\/01\/product-temp6.jpg\" data-orig-src=\"https:\/\/nomadsdiving-bali.com\/wp-content\/uploads\/2024\/01\/product-temp6.jpg\" alt class=\"lazyload img-responsive wp-image-1080\" srcset=\"data:image\/svg+xml,%3Csvg%20xmlns%3D%27http%3A%2F%2Fwww.w3.org%2F2000%2Fsvg%27%20width%3D%272000%27%20height%3D%271200%27%20viewBox%3D%270%200%202000%201200%27%3E%3Crect%20width%3D%272000%27%20height%3D%271200%27%20fill-opacity%3D%220%22%2F%3E%3C%2Fsvg%3E\" data-srcset=\"https:\/\/nomadsdiving-bali.com\/wp-content\/uploads\/2024\/01\/product-temp6-200x120.jpg 200w, https:\/\/nomadsdiving-bali.com\/wp-content\/uploads\/2024\/01\/product-temp6-400x240.jpg 400w, https:\/\/nomadsdiving-bali.com\/wp-content\/uploads\/2024\/01\/product-temp6-600x360.jpg 600w, https:\/\/nomadsdiving-bali.com\/wp-content\/uploads\/2024\/01\/product-temp6-800x480.jpg 800w, https:\/\/nomadsdiving-bali.com\/wp-content\/uploads\/2024\/01\/product-temp6-1200x720.jpg 1200w, https:\/\/nomadsdiving-bali.com\/wp-content\/uploads\/2024\/01\/product-temp6.jpg 2000w\" data-sizes=\"auto\" data-orig-sizes=\"(max-width: 640px) 100vw, 1200px\" \/><\/span><\/div><div class=\"fusion-text fusion-text-2 fusion-text-no-margin\" style=\"--awb-margin-bottom:60px;\"><p><strong>Conditions de Participation<\/strong><\/p>\n<ul>\n<li>Un minimum de <strong>4 plongeurs<\/strong> Est requis pour chaque session.<\/li>\n<li>Capturez des moments m\u00e9morables et des photos spectaculaires \u00e0 partager avec vos amis et votre famille.<\/li>\n<\/ul>\n<p><strong>R\u00e9servez votre plong\u00e9e de nuit<\/strong><\/p>\n<p>Pr\u00eat pour l\u2019aventure ? Ne manquez pas cette opportunit\u00e9 unique ! R\u00e9servez d\u00e8s maintenant votre plong\u00e9e de nuit et pr\u00e9parez-vous \u00e0 explorer les merveilles de l\u2019oc\u00e9an sous les \u00e9toiles.<\/p>\n<p><strong>Pour toute r\u00e9servation ou question, contactez-nous d\u00e8s aujourd'hui !<\/strong><\/p>\n<\/div><\/div><\/div><\/div><\/div>","protected":false},"excerpt":{"rendered":"<p>Plongez dans le monde magique des profondeurs marines de Nusa Penida lors de nos plong\u00e9es de nuit.<\/p>","protected":false},"featured_media":1074,"template":"","meta":{"iawp_total_views":485},"product_brand":[],"product_cat":[37],"product_tag":[],"class_list":{"0":"post-1581","1":"product","2":"type-product","3":"status-publish","4":"has-post-thumbnail","6":"product_cat-fun","8":"first","9":"instock","10":"shipping-taxable","11":"purchasable","12":"product-type-simple"},"yoast_head":"<!-- This site is optimized with the Yoast SEO plugin v24.3 - https:\/\/yoast.com\/wordpress\/plugins\/seo\/ -->\n<title>Night Dive - Nomads Diving Bali<\/title>\n<meta name=\"robots\" content=\"index, follow, max-snippet:-1, max-image-preview:large, max-video-preview:-1\" \/>\n<link rel=\"canonical\" href=\"https:\/\/nomadsdiving-bali.com\/fr\/produit\/night-dive\/\" \/>\n<meta property=\"og:locale\" content=\"fr_FR\" \/>\n<meta property=\"og:type\" content=\"article\" \/>\n<meta property=\"og:title\" content=\"Night Dive - Nomads Diving Bali\" \/>\n<meta property=\"og:description\" content=\"Dive into the magical world of the marine depths of Nusa Penida during our night dives.\" \/>\n<meta property=\"og:url\" content=\"https:\/\/nomadsdiving-bali.com\/fr\/produit\/night-dive\/\" \/>\n<meta property=\"og:site_name\" content=\"Nomads Diving Bali\" \/>\n<meta property=\"article:modified_time\" content=\"2024-11-19T16:30:51+00:00\" \/>\n<meta property=\"og:image\" content=\"https:\/\/nomadsdiving-bali.com\/wp-content\/uploads\/2023\/04\/product-temp1.jpg\" \/>\n\t<meta property=\"og:image:width\" content=\"2000\" \/>\n\t<meta property=\"og:image:height\" content=\"1200\" \/>\n\t<meta property=\"og:image:type\" content=\"image\/jpeg\" \/>\n<meta name=\"twitter:card\" content=\"summary_large_image\" \/>\n<meta name=\"twitter:label1\" content=\"Dur\u00e9e de lecture estim\u00e9e\" \/>\n\t<meta name=\"twitter:data1\" content=\"2 minutes\" \/>\n<script type=\"application\/ld+json\" class=\"yoast-schema-graph\">{\"@context\":\"https:\/\/schema.org\",\"@graph\":[{\"@type\":\"WebPage\",\"@id\":\"https:\/\/nomadsdiving-bali.com\/produit\/night-dive\/\",\"url\":\"https:\/\/nomadsdiving-bali.com\/produit\/night-dive\/\",\"name\":\"Night Dive - Nomads Diving Bali\",\"isPartOf\":{\"@id\":\"https:\/\/nomadsdiving-bali.com\/#website\"},\"primaryImageOfPage\":{\"@id\":\"https:\/\/nomadsdiving-bali.com\/produit\/night-dive\/#primaryimage\"},\"image\":{\"@id\":\"https:\/\/nomadsdiving-bali.com\/produit\/night-dive\/#primaryimage\"},\"thumbnailUrl\":\"https:\/\/nomadsdiving-bali.com\/wp-content\/uploads\/2023\/04\/product-temp1.jpg\",\"datePublished\":\"2024-11-01T08:06:23+00:00\",\"dateModified\":\"2024-11-19T16:30:51+00:00\",\"breadcrumb\":{\"@id\":\"https:\/\/nomadsdiving-bali.com\/produit\/night-dive\/#breadcrumb\"},\"inLanguage\":\"fr-FR\",\"potentialAction\":[{\"@type\":\"ReadAction\",\"target\":[\"https:\/\/nomadsdiving-bali.com\/produit\/night-dive\/\"]}]},{\"@type\":\"ImageObject\",\"inLanguage\":\"fr-FR\",\"@id\":\"https:\/\/nomadsdiving-bali.com\/produit\/night-dive\/#primaryimage\",\"url\":\"https:\/\/nomadsdiving-bali.com\/wp-content\/uploads\/2023\/04\/product-temp1.jpg\",\"contentUrl\":\"https:\/\/nomadsdiving-bali.com\/wp-content\/uploads\/2023\/04\/product-temp1.jpg\",\"width\":2000,\"height\":1200},{\"@type\":\"BreadcrumbList\",\"@id\":\"https:\/\/nomadsdiving-bali.com\/produit\/night-dive\/#breadcrumb\",\"itemListElement\":[{\"@type\":\"ListItem\",\"position\":1,\"name\":\"Accueil\",\"item\":\"https:\/\/nomadsdiving-bali.com\/\"},{\"@type\":\"ListItem\",\"position\":2,\"name\":\"Products\",\"item\":\"https:\/\/nomadsdiving-bali.com\/?page_id=839\"},{\"@type\":\"ListItem\",\"position\":3,\"name\":\"Night Dive\"}]},{\"@type\":\"WebSite\",\"@id\":\"https:\/\/nomadsdiving-bali.com\/#website\",\"url\":\"https:\/\/nomadsdiving-bali.com\/\",\"name\":\"Nomads Diving Bali\",\"description\":\"Eco Dive Center &amp; Scuba Training in Nusa Penida\",\"publisher\":{\"@id\":\"https:\/\/nomadsdiving-bali.com\/#organization\"},\"potentialAction\":[{\"@type\":\"SearchAction\",\"target\":{\"@type\":\"EntryPoint\",\"urlTemplate\":\"https:\/\/nomadsdiving-bali.com\/?s={search_term_string}\"},\"query-input\":{\"@type\":\"PropertyValueSpecification\",\"valueRequired\":true,\"valueName\":\"search_term_string\"}}],\"inLanguage\":\"fr-FR\"},{\"@type\":\"Organization\",\"@id\":\"https:\/\/nomadsdiving-bali.com\/#organization\",\"name\":\"Nomads Diving Bali\",\"url\":\"https:\/\/nomadsdiving-bali.com\/\",\"logo\":{\"@type\":\"ImageObject\",\"inLanguage\":\"fr-FR\",\"@id\":\"https:\/\/nomadsdiving-bali.com\/#\/schema\/logo\/image\/\",\"url\":\"https:\/\/nomadsdiving-bali.com\/wp-content\/uploads\/2024\/01\/logo-nomadsdiving-bali-homepage-360.png\",\"contentUrl\":\"https:\/\/nomadsdiving-bali.com\/wp-content\/uploads\/2024\/01\/logo-nomadsdiving-bali-homepage-360.png\",\"width\":360,\"height\":360,\"caption\":\"Nomads Diving Bali\"},\"image\":{\"@id\":\"https:\/\/nomadsdiving-bali.com\/#\/schema\/logo\/image\/\"}}]}<\/script>\n<!-- \/ Yoast SEO plugin. -->","yoast_head_json":{"title":"Night Dive - Nomads Diving Bali","robots":{"index":"index","follow":"follow","max-snippet":"max-snippet:-1","max-image-preview":"max-image-preview:large","max-video-preview":"max-video-preview:-1"},"canonical":"https:\/\/nomadsdiving-bali.com\/fr\/produit\/night-dive\/","og_locale":"fr_FR","og_type":"article","og_title":"Night Dive - Nomads Diving Bali","og_description":"Dive into the magical world of the marine depths of Nusa Penida during our night dives.","og_url":"https:\/\/nomadsdiving-bali.com\/fr\/produit\/night-dive\/","og_site_name":"Nomads Diving Bali","article_modified_time":"2024-11-19T16:30:51+00:00","og_image":[{"width":2000,"height":1200,"url":"https:\/\/nomadsdiving-bali.com\/wp-content\/uploads\/2023\/04\/product-temp1.jpg","type":"image\/jpeg"}],"twitter_card":"summary_large_image","twitter_misc":{"Dur\u00e9e de lecture estim\u00e9e":"2 minutes"},"schema":{"@context":"https:\/\/schema.org","@graph":[{"@type":"WebPage","@id":"https:\/\/nomadsdiving-bali.com\/produit\/night-dive\/","url":"https:\/\/nomadsdiving-bali.com\/produit\/night-dive\/","name":"Night Dive - Nomads Diving Bali","isPartOf":{"@id":"https:\/\/nomadsdiving-bali.com\/#website"},"primaryImageOfPage":{"@id":"https:\/\/nomadsdiving-bali.com\/produit\/night-dive\/#primaryimage"},"image":{"@id":"https:\/\/nomadsdiving-bali.com\/produit\/night-dive\/#primaryimage"},"thumbnailUrl":"https:\/\/nomadsdiving-bali.com\/wp-content\/uploads\/2023\/04\/product-temp1.jpg","datePublished":"2024-11-01T08:06:23+00:00","dateModified":"2024-11-19T16:30:51+00:00","breadcrumb":{"@id":"https:\/\/nomadsdiving-bali.com\/produit\/night-dive\/#breadcrumb"},"inLanguage":"fr-FR","potentialAction":[{"@type":"ReadAction","target":["https:\/\/nomadsdiving-bali.com\/produit\/night-dive\/"]}]},{"@type":"ImageObject","inLanguage":"fr-FR","@id":"https:\/\/nomadsdiving-bali.com\/produit\/night-dive\/#primaryimage","url":"https:\/\/nomadsdiving-bali.com\/wp-content\/uploads\/2023\/04\/product-temp1.jpg","contentUrl":"https:\/\/nomadsdiving-bali.com\/wp-content\/uploads\/2023\/04\/product-temp1.jpg","width":2000,"height":1200},{"@type":"BreadcrumbList","@id":"https:\/\/nomadsdiving-bali.com\/produit\/night-dive\/#breadcrumb","itemListElement":[{"@type":"ListItem","position":1,"name":"Accueil","item":"https:\/\/nomadsdiving-bali.com\/"},{"@type":"ListItem","position":2,"name":"Products","item":"https:\/\/nomadsdiving-bali.com\/?page_id=839"},{"@type":"ListItem","position":3,"name":"Night Dive"}]},{"@type":"WebSite","@id":"https:\/\/nomadsdiving-bali.com\/#website","url":"https:\/\/nomadsdiving-bali.com\/","name":"Nomads Diving Bali","description":"Eco Dive Center &amp; Scuba Training in Nusa Penida","publisher":{"@id":"https:\/\/nomadsdiving-bali.com\/#organization"},"potentialAction":[{"@type":"SearchAction","target":{"@type":"EntryPoint","urlTemplate":"https:\/\/nomadsdiving-bali.com\/?s={search_term_string}"},"query-input":{"@type":"PropertyValueSpecification","valueRequired":true,"valueName":"search_term_string"}}],"inLanguage":"fr-FR"},{"@type":"Organization","@id":"https:\/\/nomadsdiving-bali.com\/#organization","name":"Nomads Diving Bali","url":"https:\/\/nomadsdiving-bali.com\/","logo":{"@type":"ImageObject","inLanguage":"fr-FR","@id":"https:\/\/nomadsdiving-bali.com\/#\/schema\/logo\/image\/","url":"https:\/\/nomadsdiving-bali.com\/wp-content\/uploads\/2024\/01\/logo-nomadsdiving-bali-homepage-360.png","contentUrl":"https:\/\/nomadsdiving-bali.com\/wp-content\/uploads\/2024\/01\/logo-nomadsdiving-bali-homepage-360.png","width":360,"height":360,"caption":"Nomads Diving Bali"},"image":{"@id":"https:\/\/nomadsdiving-bali.com\/#\/schema\/logo\/image\/"}}]}},"_links":{"self":[{"href":"https:\/\/nomadsdiving-bali.com\/fr\/wp-json\/wp\/v2\/product\/1581"}],"collection":[{"href":"https:\/\/nomadsdiving-bali.com\/fr\/wp-json\/wp\/v2\/product"}],"about":[{"href":"https:\/\/nomadsdiving-bali.com\/fr\/wp-json\/wp\/v2\/types\/product"}],"wp:featuredmedia":[{"embeddable":true,"href":"https:\/\/nomadsdiving-bali.com\/fr\/wp-json\/wp\/v2\/media\/1074"}],"wp:attachment":[{"href":"https:\/\/nomadsdiving-bali.com\/fr\/wp-json\/wp\/v2\/media?parent=1581"}],"wp:term":[{"taxonomy":"product_brand","embeddable":true,"href":"https:\/\/nomadsdiving-bali.com\/fr\/wp-json\/wp\/v2\/product_brand?post=1581"},{"taxonomy":"product_cat","embeddable":true,"href":"https:\/\/nomadsdiving-bali.com\/fr\/wp-json\/wp\/v2\/product_cat?post=1581"},{"taxonomy":"product_tag","embeddable":true,"href":"https:\/\/nomadsdiving-bali.com\/fr\/wp-json\/wp\/v2\/product_tag?post=1581"}],"curies":[{"name":"wp","href":"https:\/\/api.w.org\/{rel}","templated":true}]}}