{"id":1578,"date":"2024-11-01T16:03:59","date_gmt":"2024-11-01T08:03:59","guid":{"rendered":"https:\/\/nomadsdiving-bali.com\/?post_type=product&#038;p=1578"},"modified":"2026-02-18T08:36:01","modified_gmt":"2026-02-18T00:36:01","slug":"fun-dives-multi-days","status":"publish","type":"product","link":"https:\/\/nomadsdiving-bali.com\/fr\/produit\/fun-dives-multi-days\/","title":{"rendered":"Sortie Plusieurs Jours"},"content":{"rendered":"<div class=\"fusion-fullwidth fullwidth-box fusion-builder-row-1 fusion-flex-container nonhundred-percent-fullwidth non-hundred-percent-height-scrolling fusion-animated\" style=\"--awb-border-radius-top-left:0px;--awb-border-radius-top-right:0px;--awb-border-radius-bottom-right:0px;--awb-border-radius-bottom-left:0px;--awb-flex-wrap:wrap;\" data-animationtype=\"fadeInUp\" data-animationduration=\"1.3\" data-animationoffset=\"top-into-view\" ><div class=\"fusion-builder-row fusion-row fusion-flex-align-items-flex-start fusion-flex-content-wrap\" style=\"max-width:1248px;margin-left: calc(-4% \/ 2 );margin-right: calc(-4% \/ 2 );\"><div class=\"fusion-layout-column fusion_builder_column fusion-builder-column-0 fusion_builder_column_1_1 1_1 fusion-flex-column\" style=\"--awb-bg-blend:overlay;--awb-bg-size:cover;--awb-width-large:100%;--awb-margin-top-large:0px;--awb-spacing-right-large:1.92%;--awb-margin-bottom-large:0px;--awb-spacing-left-large:1.92%;--awb-width-medium:100%;--awb-spacing-right-medium:1.92%;--awb-spacing-left-medium:1.92%;--awb-width-small:100%;--awb-spacing-right-small:1.92%;--awb-spacing-left-small:1.92%;\"><div class=\"fusion-column-wrapper fusion-flex-justify-content-flex-start fusion-content-layout-column\"><div class=\"fusion-title title fusion-title-1 fusion-sep-none fusion-title-text fusion-title-size-four\"><h4 class=\"fusion-title-heading title-heading-left\" style=\"margin:0;\">Plong\u00e9e de plusieurs jours \u00e0 Nusa Penida<\/h4><\/div><div class=\"fusion-text fusion-text-1 fusion-text-no-margin\" style=\"--awb-margin-bottom:60px;\"><p><strong>Une richesse de sites<\/strong><\/p>\n<p>Une vingtaine de sites diff\u00e9rents vous attendent, les plus connus \u00e9tant Manta Point et Crystal Bay, mais n\u2019oubliez pas les spots moins connus comme Blue Corner, Karang Sari ou Malibu, chacun pr\u00e9sentant des paysages sous-marins uniques. Que vous soyez d\u00e9butant ou plongeur exp\u00e9riment\u00e9, vous trouverez des exp\u00e9riences adapt\u00e9es \u00e0 votre niveau.<\/p>\n<\/div><div class=\"fusion-image-element\" style=\"--awb-margin-bottom:60px;--awb-caption-text-size:var(--awb-typography3-font-size);--awb-caption-text-transform:var(--awb-typography3-text-transform);--awb-caption-text-line-height:var(--awb-typography3-line-height);--awb-caption-text-letter-spacing:var(--awb-typography3-letter-spacing);--awb-caption-margin-top:30px;--awb-caption-title-font-family:var(--awb-typography3-font-family);--awb-caption-title-font-weight:var(--awb-typography3-font-weight);--awb-caption-title-font-style:var(--awb-typography3-font-style);--awb-caption-title-size:var(--awb-typography3-font-size);--awb-caption-title-transform:var(--awb-typography3-text-transform);--awb-caption-title-line-height:var(--awb-typography3-line-height);--awb-caption-title-letter-spacing:var(--awb-typography3-letter-spacing);--awb-caption-text-font-family:var(--awb-typography3-font-family);--awb-caption-text-font-weight:var(--awb-typography3-font-weight);--awb-caption-text-font-style:var(--awb-typography3-font-style);\"><span class=\"fusion-imageframe imageframe-none imageframe-1 hover-type-none\"><img decoding=\"async\" width=\"2000\" height=\"1200\" title=\"product-temp6\" src=\"https:\/\/nomadsdiving-bali.com\/wp-content\/uploads\/2024\/01\/product-temp6.jpg\" data-orig-src=\"https:\/\/nomadsdiving-bali.com\/wp-content\/uploads\/2024\/01\/product-temp6.jpg\" alt class=\"lazyload img-responsive wp-image-1080\" srcset=\"data:image\/svg+xml,%3Csvg%20xmlns%3D%27http%3A%2F%2Fwww.w3.org%2F2000%2Fsvg%27%20width%3D%272000%27%20height%3D%271200%27%20viewBox%3D%270%200%202000%201200%27%3E%3Crect%20width%3D%272000%27%20height%3D%271200%27%20fill-opacity%3D%220%22%2F%3E%3C%2Fsvg%3E\" data-srcset=\"https:\/\/nomadsdiving-bali.com\/wp-content\/uploads\/2024\/01\/product-temp6-200x120.jpg 200w, https:\/\/nomadsdiving-bali.com\/wp-content\/uploads\/2024\/01\/product-temp6-400x240.jpg 400w, https:\/\/nomadsdiving-bali.com\/wp-content\/uploads\/2024\/01\/product-temp6-600x360.jpg 600w, https:\/\/nomadsdiving-bali.com\/wp-content\/uploads\/2024\/01\/product-temp6-800x480.jpg 800w, https:\/\/nomadsdiving-bali.com\/wp-content\/uploads\/2024\/01\/product-temp6-1200x720.jpg 1200w, https:\/\/nomadsdiving-bali.com\/wp-content\/uploads\/2024\/01\/product-temp6.jpg 2000w\" data-sizes=\"auto\" data-orig-sizes=\"(max-width: 640px) 100vw, 1200px\" \/><\/span><\/div><div class=\"fusion-text fusion-text-2 fusion-text-no-margin\" style=\"--awb-margin-bottom:60px;\"><p>Profitez de courants doux pour des plong\u00e9es tranquilles ou d'excitation avec des courants plus forts, des r\u00e9cifs coralliens vibrants, des formations rocheuses impressionnantes et des murs de toutes les couleurs qui vous attendent.<\/p>\n<p>Plus vous plongez, moins cela vous co\u00fbte !<\/p>\n<ul>\n<li><strong>2 days (4 Dives):<\/strong> 3.000.000 IDR<\/li>\n<li><strong>3 days (6 Dives) and more:<\/strong> 10% de r\u00e9duction sur le forfait total<\/li>\n<\/ul>\n<p>Inquire about our rates and book your spot now for an unforgettable adventure!<\/p>\n<\/div><\/div><\/div><\/div><\/div>","protected":false},"excerpt":{"rendered":"<p>D\u00e9couvrez la magie de Nusa Penida \u00e0 travers nos plong\u00e9es sur plusieurs jours ! Ce v\u00e9ritable paradis pour les plongeurs offre une multitude de sites aux conditions vari\u00e9es et \u00e0 la topographie fascinante.<\/p>","protected":false},"featured_media":1074,"template":"","meta":{"iawp_total_views":1337},"product_brand":[],"product_cat":[37],"product_tag":[],"class_list":{"0":"post-1578","1":"product","2":"type-product","3":"status-publish","4":"has-post-thumbnail","6":"product_cat-fun","8":"first","9":"instock","10":"shipping-taxable","11":"purchasable","12":"product-type-variable"},"yoast_head":"<!-- This site is optimized with the Yoast SEO plugin v24.3 - https:\/\/yoast.com\/wordpress\/plugins\/seo\/ -->\n<title>Multi Days - Nomads Diving Bali<\/title>\n<meta name=\"robots\" content=\"index, follow, max-snippet:-1, max-image-preview:large, max-video-preview:-1\" \/>\n<link rel=\"canonical\" href=\"https:\/\/nomadsdiving-bali.com\/fr\/produit\/fun-dives-multi-days\/\" \/>\n<meta property=\"og:locale\" content=\"fr_FR\" \/>\n<meta property=\"og:type\" content=\"article\" \/>\n<meta property=\"og:title\" content=\"Multi Days - Nomads Diving Bali\" \/>\n<meta property=\"og:description\" content=\"Discover the magic of Nusa Penida through our multi-day dives! This true paradise for divers offers a multitude of sites with varied conditions and fascinating topography.\" \/>\n<meta property=\"og:url\" content=\"https:\/\/nomadsdiving-bali.com\/fr\/produit\/fun-dives-multi-days\/\" \/>\n<meta property=\"og:site_name\" content=\"Nomads Diving Bali\" \/>\n<meta property=\"article:modified_time\" content=\"2026-02-18T00:36:01+00:00\" \/>\n<meta property=\"og:image\" content=\"https:\/\/nomadsdiving-bali.com\/wp-content\/uploads\/2023\/04\/product-temp1.jpg\" \/>\n\t<meta property=\"og:image:width\" content=\"2000\" \/>\n\t<meta property=\"og:image:height\" content=\"1200\" \/>\n\t<meta property=\"og:image:type\" content=\"image\/jpeg\" \/>\n<meta name=\"twitter:card\" content=\"summary_large_image\" \/>\n<meta name=\"twitter:label1\" content=\"Dur\u00e9e de lecture estim\u00e9e\" \/>\n\t<meta name=\"twitter:data1\" content=\"1 minute\" \/>\n<script type=\"application\/ld+json\" class=\"yoast-schema-graph\">{\"@context\":\"https:\/\/schema.org\",\"@graph\":[{\"@type\":\"WebPage\",\"@id\":\"https:\/\/nomadsdiving-bali.com\/produit\/fun-dives-multi-days\/\",\"url\":\"https:\/\/nomadsdiving-bali.com\/produit\/fun-dives-multi-days\/\",\"name\":\"Multi Days - Nomads Diving Bali\",\"isPartOf\":{\"@id\":\"https:\/\/nomadsdiving-bali.com\/#website\"},\"primaryImageOfPage\":{\"@id\":\"https:\/\/nomadsdiving-bali.com\/produit\/fun-dives-multi-days\/#primaryimage\"},\"image\":{\"@id\":\"https:\/\/nomadsdiving-bali.com\/produit\/fun-dives-multi-days\/#primaryimage\"},\"thumbnailUrl\":\"https:\/\/nomadsdiving-bali.com\/wp-content\/uploads\/2023\/04\/product-temp1.jpg\",\"datePublished\":\"2024-11-01T08:03:59+00:00\",\"dateModified\":\"2026-02-18T00:36:01+00:00\",\"breadcrumb\":{\"@id\":\"https:\/\/nomadsdiving-bali.com\/produit\/fun-dives-multi-days\/#breadcrumb\"},\"inLanguage\":\"fr-FR\",\"potentialAction\":[{\"@type\":\"ReadAction\",\"target\":[\"https:\/\/nomadsdiving-bali.com\/produit\/fun-dives-multi-days\/\"]}]},{\"@type\":\"ImageObject\",\"inLanguage\":\"fr-FR\",\"@id\":\"https:\/\/nomadsdiving-bali.com\/produit\/fun-dives-multi-days\/#primaryimage\",\"url\":\"https:\/\/nomadsdiving-bali.com\/wp-content\/uploads\/2023\/04\/product-temp1.jpg\",\"contentUrl\":\"https:\/\/nomadsdiving-bali.com\/wp-content\/uploads\/2023\/04\/product-temp1.jpg\",\"width\":2000,\"height\":1200},{\"@type\":\"BreadcrumbList\",\"@id\":\"https:\/\/nomadsdiving-bali.com\/produit\/fun-dives-multi-days\/#breadcrumb\",\"itemListElement\":[{\"@type\":\"ListItem\",\"position\":1,\"name\":\"Accueil\",\"item\":\"https:\/\/nomadsdiving-bali.com\/\"},{\"@type\":\"ListItem\",\"position\":2,\"name\":\"Products\",\"item\":\"https:\/\/nomadsdiving-bali.com\/?page_id=839\"},{\"@type\":\"ListItem\",\"position\":3,\"name\":\"Multi Days\"}]},{\"@type\":\"WebSite\",\"@id\":\"https:\/\/nomadsdiving-bali.com\/#website\",\"url\":\"https:\/\/nomadsdiving-bali.com\/\",\"name\":\"Nomads Diving Bali\",\"description\":\"Eco Dive Center &amp; Scuba Training in Nusa Penida\",\"publisher\":{\"@id\":\"https:\/\/nomadsdiving-bali.com\/#organization\"},\"potentialAction\":[{\"@type\":\"SearchAction\",\"target\":{\"@type\":\"EntryPoint\",\"urlTemplate\":\"https:\/\/nomadsdiving-bali.com\/?s={search_term_string}\"},\"query-input\":{\"@type\":\"PropertyValueSpecification\",\"valueRequired\":true,\"valueName\":\"search_term_string\"}}],\"inLanguage\":\"fr-FR\"},{\"@type\":\"Organization\",\"@id\":\"https:\/\/nomadsdiving-bali.com\/#organization\",\"name\":\"Nomads Diving Bali\",\"url\":\"https:\/\/nomadsdiving-bali.com\/\",\"logo\":{\"@type\":\"ImageObject\",\"inLanguage\":\"fr-FR\",\"@id\":\"https:\/\/nomadsdiving-bali.com\/#\/schema\/logo\/image\/\",\"url\":\"https:\/\/nomadsdiving-bali.com\/wp-content\/uploads\/2024\/01\/logo-nomadsdiving-bali-homepage-360.png\",\"contentUrl\":\"https:\/\/nomadsdiving-bali.com\/wp-content\/uploads\/2024\/01\/logo-nomadsdiving-bali-homepage-360.png\",\"width\":360,\"height\":360,\"caption\":\"Nomads Diving Bali\"},\"image\":{\"@id\":\"https:\/\/nomadsdiving-bali.com\/#\/schema\/logo\/image\/\"}}]}<\/script>\n<!-- \/ Yoast SEO plugin. -->","yoast_head_json":{"title":"Multi Days - Nomads Diving Bali","robots":{"index":"index","follow":"follow","max-snippet":"max-snippet:-1","max-image-preview":"max-image-preview:large","max-video-preview":"max-video-preview:-1"},"canonical":"https:\/\/nomadsdiving-bali.com\/fr\/produit\/fun-dives-multi-days\/","og_locale":"fr_FR","og_type":"article","og_title":"Multi Days - Nomads Diving Bali","og_description":"Discover the magic of Nusa Penida through our multi-day dives! This true paradise for divers offers a multitude of sites with varied conditions and fascinating topography.","og_url":"https:\/\/nomadsdiving-bali.com\/fr\/produit\/fun-dives-multi-days\/","og_site_name":"Nomads Diving Bali","article_modified_time":"2026-02-18T00:36:01+00:00","og_image":[{"width":2000,"height":1200,"url":"https:\/\/nomadsdiving-bali.com\/wp-content\/uploads\/2023\/04\/product-temp1.jpg","type":"image\/jpeg"}],"twitter_card":"summary_large_image","twitter_misc":{"Dur\u00e9e de lecture estim\u00e9e":"1 minute"},"schema":{"@context":"https:\/\/schema.org","@graph":[{"@type":"WebPage","@id":"https:\/\/nomadsdiving-bali.com\/produit\/fun-dives-multi-days\/","url":"https:\/\/nomadsdiving-bali.com\/produit\/fun-dives-multi-days\/","name":"Multi Days - Nomads Diving Bali","isPartOf":{"@id":"https:\/\/nomadsdiving-bali.com\/#website"},"primaryImageOfPage":{"@id":"https:\/\/nomadsdiving-bali.com\/produit\/fun-dives-multi-days\/#primaryimage"},"image":{"@id":"https:\/\/nomadsdiving-bali.com\/produit\/fun-dives-multi-days\/#primaryimage"},"thumbnailUrl":"https:\/\/nomadsdiving-bali.com\/wp-content\/uploads\/2023\/04\/product-temp1.jpg","datePublished":"2024-11-01T08:03:59+00:00","dateModified":"2026-02-18T00:36:01+00:00","breadcrumb":{"@id":"https:\/\/nomadsdiving-bali.com\/produit\/fun-dives-multi-days\/#breadcrumb"},"inLanguage":"fr-FR","potentialAction":[{"@type":"ReadAction","target":["https:\/\/nomadsdiving-bali.com\/produit\/fun-dives-multi-days\/"]}]},{"@type":"ImageObject","inLanguage":"fr-FR","@id":"https:\/\/nomadsdiving-bali.com\/produit\/fun-dives-multi-days\/#primaryimage","url":"https:\/\/nomadsdiving-bali.com\/wp-content\/uploads\/2023\/04\/product-temp1.jpg","contentUrl":"https:\/\/nomadsdiving-bali.com\/wp-content\/uploads\/2023\/04\/product-temp1.jpg","width":2000,"height":1200},{"@type":"BreadcrumbList","@id":"https:\/\/nomadsdiving-bali.com\/produit\/fun-dives-multi-days\/#breadcrumb","itemListElement":[{"@type":"ListItem","position":1,"name":"Accueil","item":"https:\/\/nomadsdiving-bali.com\/"},{"@type":"ListItem","position":2,"name":"Products","item":"https:\/\/nomadsdiving-bali.com\/?page_id=839"},{"@type":"ListItem","position":3,"name":"Multi Days"}]},{"@type":"WebSite","@id":"https:\/\/nomadsdiving-bali.com\/#website","url":"https:\/\/nomadsdiving-bali.com\/","name":"Nomads Diving Bali","description":"Eco Dive Center &amp; Scuba Training in Nusa Penida","publisher":{"@id":"https:\/\/nomadsdiving-bali.com\/#organization"},"potentialAction":[{"@type":"SearchAction","target":{"@type":"EntryPoint","urlTemplate":"https:\/\/nomadsdiving-bali.com\/?s={search_term_string}"},"query-input":{"@type":"PropertyValueSpecification","valueRequired":true,"valueName":"search_term_string"}}],"inLanguage":"fr-FR"},{"@type":"Organization","@id":"https:\/\/nomadsdiving-bali.com\/#organization","name":"Nomads Diving Bali","url":"https:\/\/nomadsdiving-bali.com\/","logo":{"@type":"ImageObject","inLanguage":"fr-FR","@id":"https:\/\/nomadsdiving-bali.com\/#\/schema\/logo\/image\/","url":"https:\/\/nomadsdiving-bali.com\/wp-content\/uploads\/2024\/01\/logo-nomadsdiving-bali-homepage-360.png","contentUrl":"https:\/\/nomadsdiving-bali.com\/wp-content\/uploads\/2024\/01\/logo-nomadsdiving-bali-homepage-360.png","width":360,"height":360,"caption":"Nomads Diving Bali"},"image":{"@id":"https:\/\/nomadsdiving-bali.com\/#\/schema\/logo\/image\/"}}]}},"_links":{"self":[{"href":"https:\/\/nomadsdiving-bali.com\/fr\/wp-json\/wp\/v2\/product\/1578"}],"collection":[{"href":"https:\/\/nomadsdiving-bali.com\/fr\/wp-json\/wp\/v2\/product"}],"about":[{"href":"https:\/\/nomadsdiving-bali.com\/fr\/wp-json\/wp\/v2\/types\/product"}],"wp:featuredmedia":[{"embeddable":true,"href":"https:\/\/nomadsdiving-bali.com\/fr\/wp-json\/wp\/v2\/media\/1074"}],"wp:attachment":[{"href":"https:\/\/nomadsdiving-bali.com\/fr\/wp-json\/wp\/v2\/media?parent=1578"}],"wp:term":[{"taxonomy":"product_brand","embeddable":true,"href":"https:\/\/nomadsdiving-bali.com\/fr\/wp-json\/wp\/v2\/product_brand?post=1578"},{"taxonomy":"product_cat","embeddable":true,"href":"https:\/\/nomadsdiving-bali.com\/fr\/wp-json\/wp\/v2\/product_cat?post=1578"},{"taxonomy":"product_tag","embeddable":true,"href":"https:\/\/nomadsdiving-bali.com\/fr\/wp-json\/wp\/v2\/product_tag?post=1578"}],"curies":[{"name":"wp","href":"https:\/\/api.w.org\/{rel}","templated":true}]}}