{"id":1297,"date":"2024-02-26T11:48:08","date_gmt":"2024-02-26T10:48:08","guid":{"rendered":"https:\/\/nomadsdiving-bali.com\/?post_type=product&#038;p=1297"},"modified":"2026-02-17T17:34:38","modified_gmt":"2026-02-17T09:34:38","slug":"fun-dive-day-trip","status":"publish","type":"product","link":"https:\/\/nomadsdiving-bali.com\/fr\/produit\/fun-dive-day-trip\/","title":{"rendered":"Sortie Journ\u00e9e"},"content":{"rendered":"<div class=\"fusion-fullwidth fullwidth-box fusion-builder-row-1 fusion-flex-container nonhundred-percent-fullwidth non-hundred-percent-height-scrolling fusion-animated\" style=\"--awb-border-radius-top-left:0px;--awb-border-radius-top-right:0px;--awb-border-radius-bottom-right:0px;--awb-border-radius-bottom-left:0px;--awb-flex-wrap:wrap;\" data-animationtype=\"fadeInUp\" data-animationduration=\"1.3\" data-animationoffset=\"top-into-view\" ><div class=\"fusion-builder-row fusion-row fusion-flex-align-items-flex-start fusion-flex-content-wrap\" style=\"max-width:1248px;margin-left: calc(-4% \/ 2 );margin-right: calc(-4% \/ 2 );\"><div class=\"fusion-layout-column fusion_builder_column fusion-builder-column-0 fusion_builder_column_1_1 1_1 fusion-flex-column\" style=\"--awb-bg-blend:overlay;--awb-bg-size:cover;--awb-width-large:100%;--awb-margin-top-large:0px;--awb-spacing-right-large:1.92%;--awb-margin-bottom-large:0px;--awb-spacing-left-large:1.92%;--awb-width-medium:100%;--awb-spacing-right-medium:1.92%;--awb-spacing-left-medium:1.92%;--awb-width-small:100%;--awb-spacing-right-small:1.92%;--awb-spacing-left-small:1.92%;\"><div class=\"fusion-column-wrapper fusion-flex-justify-content-flex-start fusion-content-layout-column\"><div class=\"fusion-title title fusion-title-1 fusion-sep-none fusion-title-text fusion-title-size-four\"><h4 class=\"fusion-title-heading title-heading-left\" style=\"margin:0;\">Description<\/h4><\/div><div class=\"fusion-text fusion-text-1 fusion-text-no-margin\" style=\"--awb-margin-bottom:60px;\"><p>D\u00e9couvrez les joies de la plong\u00e9e avec FUN DIVES, proposant des exp\u00e9riences sous-marines personnalis\u00e9es adapt\u00e9es \u00e0 vos pr\u00e9f\u00e9rences et \u00e0 votre certification. Nos petits groupes, limit\u00e9s \u00e0 quatre participants, assurent une atmosph\u00e8re chaleureuse et s\u00e9curis\u00e9e.<\/p>\n<p>Commencez votre journ\u00e9e par une rencontre d\u00e9contract\u00e9e autour d'un caf\u00e9 ou d'un th\u00e9, nous permettant de personnaliser la plong\u00e9e selon vos envies.<\/p>\n<p>Avec des guides exp\u00e9riment\u00e9s et du mat\u00e9riel de qualit\u00e9, vivez une aventure sous-marine d\u00e9contract\u00e9e et m\u00e9morable avec FUN DIVES.<\/p>\n<p>Toutes nos plong\u00e9es sont accompagn\u00e9es d'un \u00e9quipement complet, de collations aux fruits rafra\u00eechissantes, de caf\u00e9, de th\u00e9, d'eau et d'un d\u00e9jeuner indon\u00e9sien bien m\u00e9rit\u00e9 chez Nomad.<\/p>\n<\/div><div class=\"fusion-image-element\" style=\"--awb-margin-bottom:60px;--awb-caption-text-size:var(--awb-typography3-font-size);--awb-caption-text-transform:var(--awb-typography3-text-transform);--awb-caption-text-line-height:var(--awb-typography3-line-height);--awb-caption-text-letter-spacing:var(--awb-typography3-letter-spacing);--awb-caption-margin-top:30px;--awb-caption-title-font-family:var(--awb-typography3-font-family);--awb-caption-title-font-weight:var(--awb-typography3-font-weight);--awb-caption-title-font-style:var(--awb-typography3-font-style);--awb-caption-title-size:var(--awb-typography3-font-size);--awb-caption-title-transform:var(--awb-typography3-text-transform);--awb-caption-title-line-height:var(--awb-typography3-line-height);--awb-caption-title-letter-spacing:var(--awb-typography3-letter-spacing);--awb-caption-text-font-family:var(--awb-typography3-font-family);--awb-caption-text-font-weight:var(--awb-typography3-font-weight);--awb-caption-text-font-style:var(--awb-typography3-font-style);\"><span class=\"fusion-imageframe imageframe-none imageframe-1 hover-type-none\"><img decoding=\"async\" width=\"2000\" height=\"1200\" title=\"product-temp6\" src=\"https:\/\/nomadsdiving-bali.com\/wp-content\/uploads\/2024\/01\/product-temp6.jpg\" data-orig-src=\"https:\/\/nomadsdiving-bali.com\/wp-content\/uploads\/2024\/01\/product-temp6.jpg\" alt class=\"lazyload img-responsive wp-image-1080\" srcset=\"data:image\/svg+xml,%3Csvg%20xmlns%3D%27http%3A%2F%2Fwww.w3.org%2F2000%2Fsvg%27%20width%3D%272000%27%20height%3D%271200%27%20viewBox%3D%270%200%202000%201200%27%3E%3Crect%20width%3D%272000%27%20height%3D%271200%27%20fill-opacity%3D%220%22%2F%3E%3C%2Fsvg%3E\" data-srcset=\"https:\/\/nomadsdiving-bali.com\/wp-content\/uploads\/2024\/01\/product-temp6-200x120.jpg 200w, https:\/\/nomadsdiving-bali.com\/wp-content\/uploads\/2024\/01\/product-temp6-400x240.jpg 400w, https:\/\/nomadsdiving-bali.com\/wp-content\/uploads\/2024\/01\/product-temp6-600x360.jpg 600w, https:\/\/nomadsdiving-bali.com\/wp-content\/uploads\/2024\/01\/product-temp6-800x480.jpg 800w, https:\/\/nomadsdiving-bali.com\/wp-content\/uploads\/2024\/01\/product-temp6-1200x720.jpg 1200w, https:\/\/nomadsdiving-bali.com\/wp-content\/uploads\/2024\/01\/product-temp6.jpg 2000w\" data-sizes=\"auto\" data-orig-sizes=\"(max-width: 640px) 100vw, 1200px\" \/><\/span><\/div><\/div><\/div><div class=\"fusion-layout-column fusion_builder_column fusion-builder-column-1 fusion_builder_column_1_1 1_1 fusion-flex-column\" style=\"--awb-bg-size:cover;--awb-width-large:100%;--awb-margin-top-large:0px;--awb-spacing-right-large:1.92%;--awb-margin-bottom-large:20px;--awb-spacing-left-large:1.92%;--awb-width-medium:100%;--awb-order-medium:0;--awb-spacing-right-medium:1.92%;--awb-spacing-left-medium:1.92%;--awb-width-small:100%;--awb-order-small:0;--awb-spacing-right-small:1.92%;--awb-spacing-left-small:1.92%;\"><div class=\"fusion-column-wrapper fusion-column-has-shadow fusion-flex-justify-content-flex-start fusion-content-layout-column\"><div class=\"fusion-tabs fusion-tabs-1 classic nav-is-justified horizontal-tabs icon-position-left mobile-mode-carousel mobile-sticky-tabs\" style=\"--awb-margin-top:80px;--awb-margin-bottom:80px;--awb-title-border-radius-top-left:0px;--awb-title-border-radius-top-right:0px;--awb-title-border-radius-bottom-right:0px;--awb-title-border-radius-bottom-left:0px;--awb-content-padding-top:50px;--awb-content-padding-right:50px;--awb-content-padding-bottom:20px;--awb-content-padding-left:50px;--awb-title-padding-top:25px;--awb-title-padding-right:20px;--awb-title-padding-bottom:25px;--awb-title-padding-left:20px;--awb-title-font-size:24px;--awb-title-text-transform:var(--awb-typography1-text-transform);--awb-title-line-height:1.7;--awb-title-letter-spacing:var(--awb-typography1-letter-spacing);--awb-alignment:start;--awb-inactive-color:#ffffff;--awb-title-text-color:#141617;--awb-title-active-text-color:#129e76;--awb-background-color:#eff4f2;--awb-border-color:rgba(255,255,255,0);--awb-active-border-color:#129e76;--awb-title-font-family:&quot;Gentium Plus&quot;;--awb-title-font-style:normal;--awb-title-font-weight:400;\"><div class=\"nav\"><ul class=\"nav-tabs nav-justified\" role=\"tablist\"><li class=\"active\" role=\"presentation\"><a class=\"tab-link\" data-toggle=\"tab\" role=\"tab\" aria-controls=\"tab-f2b7575b64262f9c2fc\" aria-selected=\"true\" id=\"fusion-tab-informations\" href=\"#tab-f2b7575b64262f9c2fc\"><h3 class=\"fusion-tab-heading\"><i class=\"fontawesome-icon fa-info-circle fas\" aria-hidden=\"true\" style=\"font-size:14px;\"><\/i>INFORMATIONS<\/h3><\/a><\/li><li role=\"presentation\"><a class=\"tab-link\" data-toggle=\"tab\" role=\"tab\" aria-controls=\"tab-6d9938a875e8c65b88f\" aria-selected=\"false\" tabindex=\"-1\" id=\"fusion-tab-preparation\" href=\"#tab-6d9938a875e8c65b88f\"><h3 class=\"fusion-tab-heading\"><i class=\"fontawesome-icon fa-praying-hands fas\" aria-hidden=\"true\" style=\"font-size:14px;\"><\/i>PREPARATION<\/h3><\/a><\/li><li role=\"presentation\"><a class=\"tab-link\" data-toggle=\"tab\" role=\"tab\" aria-controls=\"tab-2c33a6299b7aa027517\" aria-selected=\"false\" tabindex=\"-1\" id=\"fusion-tab-calendar\" href=\"#tab-2c33a6299b7aa027517\"><h3 class=\"fusion-tab-heading\"><i class=\"fontawesome-icon fa-calendar-check fas\" aria-hidden=\"true\" style=\"font-size:14px;\"><\/i>CALENDRIER<\/h3><\/a><\/li><\/ul><\/div><div class=\"tab-content\"><div class=\"tab-pane fade fusion-clearfix in active\" role=\"tabpanel\" tabindex=\"0\" aria-labelledby=\"fusion-tab-informations\" id=\"tab-f2b7575b64262f9c2fc\">\n<p><img decoding=\"async\" class=\"lazyload alignleft wp-image-2979 size-medium\" style=\"margin: 0 50px 30px 0;\" src=\"data:image\/svg+xml,%3Csvg%20xmlns%3D%27http%3A%2F%2Fwww.w3.org%2F2000%2Fsvg%27%20width%3D%27300%27%20height%3D%27379%27%20viewBox%3D%270%200%20300%20379%27%3E%3Crect%20width%3D%27300%27%20height%3D%27379%27%20fill-opacity%3D%220%22%2F%3E%3C%2Fsvg%3E\" data-orig-src=\"https:\/\/nomadsdiving-bali.com\/wp-content\/uploads\/2024\/01\/product-temp7.jpg\" alt=\"\" width=\"300\" height=\"379\" \/><\/p>\n<p><strong>DUREE :<\/strong> 1 jour<br \/>\n<strong><br \/>\nBUDGET :<\/strong> IDR 1 500 000 for 2 Tanks, IDR 1 900 000 for 3 Tanks.<br \/>\n<strong><br \/>\nAGE MINIMUM :<\/strong> 10 ans<br \/>\n<strong><br \/>\nPRE-REQUIS :<\/strong> Plongeur certifi\u00e9 en eau libre ou certification \u00e9quivalente requise<\/p>\n<\/div><div class=\"tab-pane fade fusion-clearfix\" role=\"tabpanel\" tabindex=\"0\" aria-labelledby=\"fusion-tab-preparation\" id=\"tab-6d9938a875e8c65b88f\">\n<p><img decoding=\"async\" class=\"lazyload alignleft size-medium wp-image-2981\" style=\"margin: 0 50px 30px 0;\" src=\"data:image\/svg+xml,%3Csvg%20xmlns%3D%27http%3A%2F%2Fwww.w3.org%2F2000%2Fsvg%27%20width%3D%27300%27%20height%3D%27379%27%20viewBox%3D%270%200%20300%20379%27%3E%3Crect%20width%3D%27300%27%20height%3D%27379%27%20fill-opacity%3D%220%22%2F%3E%3C%2Fsvg%3E\" data-orig-src=\"https:\/\/nomadsdiving-bali.com\/wp-content\/uploads\/2024\/01\/product-temp8.jpg\" alt=\"\" width=\"300\" height=\"379\" \/><br \/>\n<strong>Pas de pr\u00e9paration requise<\/strong><\/p>\n<\/div><div class=\"tab-pane fade fusion-clearfix\" role=\"tabpanel\" tabindex=\"0\" aria-labelledby=\"fusion-tab-calendar\" id=\"tab-2c33a6299b7aa027517\">Veuillez v\u00e9rifier la disponibilit\u00e9 de votre session avec ce calendrier\u00a0!<\/p>\n<div align=\"center\"><div class='wpbc_only_calendar wpbc_container'><div id='calendar_booking_unselectable1'><\/div><span ><div style=\"clear:both;height:10px;\"><\/div><div class=\"wpbc_calendar_wraper wpbc_change_over_triangle wpbc_calendar_skin_legacy\"><div class=\"wpbc_cal_container bk_calendar_frame wpbc_no_custom_width  months_num_in_row_ cal_month_num_2\" style=\"\"><div id=\"calendar_booking1\"  class=\"wpbc_calendar_id_1\" >\t<div class=\"calendar_loader_frame calendar_loader_frame1\"\r\n\t\tdata-wpbc-rid=\"1\"\r\n\t\tdata-wpbc-grace=\"8000\"\r\n\t\tstyle=\"--wpbc-loader-cols: 2;\"\r\n\t>\r\n\t\t<div class=\"calendar_loader_text\">Loading...<\/div>\r\n\t\t<div class=\"calendar_loader_frame__progress_line_container\">\r\n\t\t\t<div class=\"calendar_loader_frame__progress_line\"><\/div>\r\n\t\t<\/div>\r\n\t<\/div>\r\n\t<\/div><\/div><div style=\"font-size:7px;text-align:left;margin:0 0 10px;text-shadow: none;\">Propos\u00e9 par <a href=\"https:\/\/wpbookingcalendar.com\" style=\"font-size:7px;\" target=\"_blank\" title=\"Booking Calendar plugin for WordPress\">Booking Calendar<\/a><\/div><textarea id=\"date_booking1\" name=\"date_booking1\" autocomplete=\"off\" style=\"display:none;\"><\/textarea><div class=\"block_hints datepick\"><div class=\"wpdev_hint_with_text\"><div class=\"\"><div class=\"datepick-inline wpbc_calendar_legend_table_width_height\"><table class=\"datepick wpbc_calendar\" style=\"\"><tbody><tr><td class=\"datepick-days-cell date_available wpbc_calendar_legend_day_cell_height\"><div class=\"wpbc-cell-box\">\t<div class=\"date-cell-content\">\t\t<div class=\"date-content-top\"><\/div>\t\t<a>&nbsp;<\/a>\t\t<div class=\"date-content-bottom\"><\/div>\t<\/div><\/div><\/td><\/tr><\/tbody><\/table><\/div><\/div><div class=\"block_text\">- <\/div><div class=\"block_text\">Disponible<\/div><\/div><div class=\"wpdev_hint_with_text\"><div class=\"\"><div class=\"datepick-inline wpbc_calendar_legend_table_width_height\"><table class=\"datepick wpbc_calendar\" style=\"\"><tbody><tr><td class=\"datepick-days-cell datepick-unselectable date_user_unavailable full_day_booking date_approved wpbc_calendar_legend_day_cell_height\"><div class=\"wpbc-cell-box\">\t<div class=\"date-cell-content\">\t\t<div class=\"date-content-top\"><\/div>\t\t<span>&nbsp;<\/span>\t\t<div class=\"date-content-bottom\"><\/div>\t<\/div><\/div><\/td><\/tr><\/tbody><\/table><\/div><\/div><div class=\"block_text\">- <\/div><div class=\"block_text\">R\u00e9serv\u00e9<\/div><\/div><div class=\"wpdev_hint_with_text\"><div class=\"\"><div class=\"datepick-inline wpbc_calendar_legend_table_width_height\"><table class=\"datepick wpbc_calendar\" style=\"\"><tbody><tr><td class=\"datepick-days-cell datepick-unselectable date_user_unavailable full_day_booking date2approve wpbc_calendar_legend_day_cell_height\"><div class=\"wpbc-cell-box\">\t<div class=\"date-cell-content\">\t\t<div class=\"date-content-top\"><\/div>\t\t<span>&nbsp;<\/span>\t\t<div class=\"date-content-bottom\"><\/div>\t<\/div><\/div><\/td><\/tr><\/tbody><\/table><\/div><\/div><div class=\"block_text\">- <\/div><div class=\"block_text\">En attente<\/div><\/div><div class=\"wpdev_hint_with_text\"><div class=\"\"><span class=\"wpbc_change_over_triangle\"><div class=\"datepick-inline wpbc_calendar_legend_table_width_height\"><table class=\"datepick wpbc_calendar\" style=\"\"><tbody><tr><td class=\"datepick-days-cell date_available date2approve timespartly times_clock wpbc_calendar_legend_day_cell_height\"><div class=\"wpbc-cell-box\">\t<div class=\"wpbc-diagonal-el\">\t\t<div class=\"wpbc-co-out\"><svg height=\"100%\" width=\"100%\" viewbox=\"0 0 100 100\" preserveaspectratio=\"none\"><polygon points=\"0,0 0,99 99,0\"><\/polygon><polygon points=\"0,0 0,100 49,100 49,0\"><\/polygon><\/svg><\/div>\t\t<div class=\"wpbc-co-in\"><svg height=\"100%\" width=\"100%\" viewbox=\"0 0 98 98\" preserveaspectratio=\"none\"><polygon points=\"0,99 99,99 99,0\"><\/polygon><polygon points=\"50,98 98,98 98,0 50,0\"><\/polygon><\/svg><\/div>\t<\/div>\t<div class=\"date-cell-content\">\t\t<div class=\"date-content-top\"><div class=\"wpbc_time_dots\">\u00b7<\/div><\/div>\t\t<a>&nbsp;<\/a>\t\t<div class=\"date-content-bottom\"><\/div>\t<\/div><\/div><\/td><\/tr><\/tbody><\/table><\/div><\/span><\/div><div class=\"block_text\">- <\/div><div class=\"block_text\">Partiellement r\u00e9serv\u00e9<\/div><\/div><\/div><\/div> <script type=\"text\/javascript\"> (function() { var a = setInterval( function() {  if ( ( 'undefined' === typeof _wpbc ) || ( 'undefined' === typeof jQuery ) || ! window.jQuery ) { return; } clearInterval( a ); jQuery( document ).ready( function (){ _wpbc.balancer__set_max_threads( 3 );  _wpbc.calendar__set_param_value( 1 , 'calendar_scroll_to' , false );  _wpbc.calendar__set_param_value( 1 , 'calendar_dates_start' , \"\" );  _wpbc.calendar__set_param_value( 1 , 'calendar_dates_end'   , \"\" );  _wpbc.calendar__set_param_value( 1 , 'booking_max_monthes_in_calendar' , \"2y\" );  _wpbc.calendar__set_param_value( 1 , 'booking_start_day_weeek' , \"1\" );  _wpbc.calendar__set_param_value( 1 , 'calendar_number_of_months' , \"2\" );  _wpbc.calendar__set_param_value( 1, 'days_select_mode', \"multiple\" );  _wpbc.calendar__set_param_value( 1, 'fixed__days_num', 0 );  _wpbc.calendar__set_param_value( 1, 'fixed__week_days__start',   [] );  _wpbc.calendar__set_param_value( 1, 'dynamic__days_min', 0 );  _wpbc.calendar__set_param_value( 1, 'dynamic__days_max', 0 );  _wpbc.calendar__set_param_value( 1, 'dynamic__days_specific',    [] );  _wpbc.calendar__set_param_value( 1, 'dynamic__week_days__start', [] );  _wpbc.calendar__set_param_value( 1, 'booking_date_format', \"j F Y\" );  _wpbc.calendar__set_param_value( 1, 'booking_time_format', \"Ghi\" );  if ( 'function' === typeof ( wpbc__conditions__SAVE_INITIAL__days_selection_params__bm ) ) { wpbc__conditions__SAVE_INITIAL__days_selection_params__bm( 1 ); }  wpbc_calendar_show(\"1\");  _wpbc.set_secure_param('nonce', \"e1d486e7d4\");  _wpbc.set_secure_param('user_id', \"0\");  _wpbc.set_secure_param('locale', \"fr_FR\");  wpbc_calendar__load_data__ajx({\"resource_id\":1,\"booking_hash\":\"\",\"request_uri\":\"\\\/fr\\\/wp-json\\\/wp\\\/v2\\\/product\\\/1297\",\"custom_form\":\"standard\",\"aggregate_resource_id_str\":\"\",\"aggregate_type\":\"all\"}); } ); }, 500 ); })();<\/script><\/span><\/div><\/div>\n<\/div><\/div><\/div><\/div><\/div><\/div><\/div>","protected":false},"excerpt":{"rendered":"<p>D\u00e9couvrez les joies de la plong\u00e9e avec FUN DIVES, proposant des exp\u00e9riences sous-marines personnalis\u00e9es adapt\u00e9es \u00e0 vos pr\u00e9f\u00e9rences et \u00e0 votre certification.<\/p>","protected":false},"featured_media":1074,"template":"","meta":{"iawp_total_views":5122},"product_brand":[],"product_cat":[37],"product_tag":[],"class_list":{"0":"post-1297","1":"product","2":"type-product","3":"status-publish","4":"has-post-thumbnail","6":"product_cat-fun","8":"first","9":"instock","10":"shipping-taxable","11":"purchasable","12":"product-type-variable"},"yoast_head":"<!-- This site is optimized with the Yoast SEO plugin v24.3 - https:\/\/yoast.com\/wordpress\/plugins\/seo\/ -->\n<title>Day Trip - Nomads Diving Bali<\/title>\n<meta name=\"robots\" content=\"index, follow, max-snippet:-1, max-image-preview:large, max-video-preview:-1\" \/>\n<link rel=\"canonical\" href=\"https:\/\/nomadsdiving-bali.com\/fr\/produit\/fun-dive-day-trip\/\" \/>\n<meta property=\"og:locale\" content=\"fr_FR\" \/>\n<meta property=\"og:type\" content=\"article\" \/>\n<meta property=\"og:title\" content=\"Day Trip - Nomads Diving Bali\" \/>\n<meta property=\"og:description\" content=\"Discover the joy of diving with FUN DIVES, offering personalized underwater experiences tailored to your preferences and certification.\" \/>\n<meta property=\"og:url\" content=\"https:\/\/nomadsdiving-bali.com\/fr\/produit\/fun-dive-day-trip\/\" \/>\n<meta property=\"og:site_name\" content=\"Nomads Diving Bali\" \/>\n<meta property=\"article:modified_time\" content=\"2026-02-17T09:34:38+00:00\" \/>\n<meta property=\"og:image\" content=\"https:\/\/nomadsdiving-bali.com\/wp-content\/uploads\/2023\/04\/product-temp1.jpg\" \/>\n\t<meta property=\"og:image:width\" content=\"2000\" \/>\n\t<meta property=\"og:image:height\" content=\"1200\" \/>\n\t<meta property=\"og:image:type\" content=\"image\/jpeg\" \/>\n<meta name=\"twitter:card\" content=\"summary_large_image\" \/>\n<meta name=\"twitter:label1\" content=\"Dur\u00e9e de lecture estim\u00e9e\" \/>\n\t<meta name=\"twitter:data1\" content=\"2 minutes\" \/>\n<script type=\"application\/ld+json\" class=\"yoast-schema-graph\">{\"@context\":\"https:\/\/schema.org\",\"@graph\":[{\"@type\":\"WebPage\",\"@id\":\"https:\/\/nomadsdiving-bali.com\/produit\/fun-dive-day-trip\/\",\"url\":\"https:\/\/nomadsdiving-bali.com\/produit\/fun-dive-day-trip\/\",\"name\":\"Day Trip - Nomads Diving Bali\",\"isPartOf\":{\"@id\":\"https:\/\/nomadsdiving-bali.com\/#website\"},\"primaryImageOfPage\":{\"@id\":\"https:\/\/nomadsdiving-bali.com\/produit\/fun-dive-day-trip\/#primaryimage\"},\"image\":{\"@id\":\"https:\/\/nomadsdiving-bali.com\/produit\/fun-dive-day-trip\/#primaryimage\"},\"thumbnailUrl\":\"https:\/\/nomadsdiving-bali.com\/wp-content\/uploads\/2023\/04\/product-temp1.jpg\",\"datePublished\":\"2024-02-26T10:48:08+00:00\",\"dateModified\":\"2026-02-17T09:34:38+00:00\",\"breadcrumb\":{\"@id\":\"https:\/\/nomadsdiving-bali.com\/produit\/fun-dive-day-trip\/#breadcrumb\"},\"inLanguage\":\"fr-FR\",\"potentialAction\":[{\"@type\":\"ReadAction\",\"target\":[\"https:\/\/nomadsdiving-bali.com\/produit\/fun-dive-day-trip\/\"]}]},{\"@type\":\"ImageObject\",\"inLanguage\":\"fr-FR\",\"@id\":\"https:\/\/nomadsdiving-bali.com\/produit\/fun-dive-day-trip\/#primaryimage\",\"url\":\"https:\/\/nomadsdiving-bali.com\/wp-content\/uploads\/2023\/04\/product-temp1.jpg\",\"contentUrl\":\"https:\/\/nomadsdiving-bali.com\/wp-content\/uploads\/2023\/04\/product-temp1.jpg\",\"width\":2000,\"height\":1200},{\"@type\":\"BreadcrumbList\",\"@id\":\"https:\/\/nomadsdiving-bali.com\/produit\/fun-dive-day-trip\/#breadcrumb\",\"itemListElement\":[{\"@type\":\"ListItem\",\"position\":1,\"name\":\"Accueil\",\"item\":\"https:\/\/nomadsdiving-bali.com\/\"},{\"@type\":\"ListItem\",\"position\":2,\"name\":\"Products\",\"item\":\"https:\/\/nomadsdiving-bali.com\/?page_id=839\"},{\"@type\":\"ListItem\",\"position\":3,\"name\":\"Day Trip\"}]},{\"@type\":\"WebSite\",\"@id\":\"https:\/\/nomadsdiving-bali.com\/#website\",\"url\":\"https:\/\/nomadsdiving-bali.com\/\",\"name\":\"Nomads Diving Bali\",\"description\":\"Eco Dive Center &amp; Scuba Training in Nusa Penida\",\"publisher\":{\"@id\":\"https:\/\/nomadsdiving-bali.com\/#organization\"},\"potentialAction\":[{\"@type\":\"SearchAction\",\"target\":{\"@type\":\"EntryPoint\",\"urlTemplate\":\"https:\/\/nomadsdiving-bali.com\/?s={search_term_string}\"},\"query-input\":{\"@type\":\"PropertyValueSpecification\",\"valueRequired\":true,\"valueName\":\"search_term_string\"}}],\"inLanguage\":\"fr-FR\"},{\"@type\":\"Organization\",\"@id\":\"https:\/\/nomadsdiving-bali.com\/#organization\",\"name\":\"Nomads Diving Bali\",\"url\":\"https:\/\/nomadsdiving-bali.com\/\",\"logo\":{\"@type\":\"ImageObject\",\"inLanguage\":\"fr-FR\",\"@id\":\"https:\/\/nomadsdiving-bali.com\/#\/schema\/logo\/image\/\",\"url\":\"https:\/\/nomadsdiving-bali.com\/wp-content\/uploads\/2024\/01\/logo-nomadsdiving-bali-homepage-360.png\",\"contentUrl\":\"https:\/\/nomadsdiving-bali.com\/wp-content\/uploads\/2024\/01\/logo-nomadsdiving-bali-homepage-360.png\",\"width\":360,\"height\":360,\"caption\":\"Nomads Diving Bali\"},\"image\":{\"@id\":\"https:\/\/nomadsdiving-bali.com\/#\/schema\/logo\/image\/\"}}]}<\/script>\n<!-- \/ Yoast SEO plugin. -->","yoast_head_json":{"title":"Day Trip - Nomads Diving Bali","robots":{"index":"index","follow":"follow","max-snippet":"max-snippet:-1","max-image-preview":"max-image-preview:large","max-video-preview":"max-video-preview:-1"},"canonical":"https:\/\/nomadsdiving-bali.com\/fr\/produit\/fun-dive-day-trip\/","og_locale":"fr_FR","og_type":"article","og_title":"Day Trip - Nomads Diving Bali","og_description":"Discover the joy of diving with FUN DIVES, offering personalized underwater experiences tailored to your preferences and certification.","og_url":"https:\/\/nomadsdiving-bali.com\/fr\/produit\/fun-dive-day-trip\/","og_site_name":"Nomads Diving Bali","article_modified_time":"2026-02-17T09:34:38+00:00","og_image":[{"width":2000,"height":1200,"url":"https:\/\/nomadsdiving-bali.com\/wp-content\/uploads\/2023\/04\/product-temp1.jpg","type":"image\/jpeg"}],"twitter_card":"summary_large_image","twitter_misc":{"Dur\u00e9e de lecture estim\u00e9e":"2 minutes"},"schema":{"@context":"https:\/\/schema.org","@graph":[{"@type":"WebPage","@id":"https:\/\/nomadsdiving-bali.com\/produit\/fun-dive-day-trip\/","url":"https:\/\/nomadsdiving-bali.com\/produit\/fun-dive-day-trip\/","name":"Day Trip - Nomads Diving Bali","isPartOf":{"@id":"https:\/\/nomadsdiving-bali.com\/#website"},"primaryImageOfPage":{"@id":"https:\/\/nomadsdiving-bali.com\/produit\/fun-dive-day-trip\/#primaryimage"},"image":{"@id":"https:\/\/nomadsdiving-bali.com\/produit\/fun-dive-day-trip\/#primaryimage"},"thumbnailUrl":"https:\/\/nomadsdiving-bali.com\/wp-content\/uploads\/2023\/04\/product-temp1.jpg","datePublished":"2024-02-26T10:48:08+00:00","dateModified":"2026-02-17T09:34:38+00:00","breadcrumb":{"@id":"https:\/\/nomadsdiving-bali.com\/produit\/fun-dive-day-trip\/#breadcrumb"},"inLanguage":"fr-FR","potentialAction":[{"@type":"ReadAction","target":["https:\/\/nomadsdiving-bali.com\/produit\/fun-dive-day-trip\/"]}]},{"@type":"ImageObject","inLanguage":"fr-FR","@id":"https:\/\/nomadsdiving-bali.com\/produit\/fun-dive-day-trip\/#primaryimage","url":"https:\/\/nomadsdiving-bali.com\/wp-content\/uploads\/2023\/04\/product-temp1.jpg","contentUrl":"https:\/\/nomadsdiving-bali.com\/wp-content\/uploads\/2023\/04\/product-temp1.jpg","width":2000,"height":1200},{"@type":"BreadcrumbList","@id":"https:\/\/nomadsdiving-bali.com\/produit\/fun-dive-day-trip\/#breadcrumb","itemListElement":[{"@type":"ListItem","position":1,"name":"Accueil","item":"https:\/\/nomadsdiving-bali.com\/"},{"@type":"ListItem","position":2,"name":"Products","item":"https:\/\/nomadsdiving-bali.com\/?page_id=839"},{"@type":"ListItem","position":3,"name":"Day Trip"}]},{"@type":"WebSite","@id":"https:\/\/nomadsdiving-bali.com\/#website","url":"https:\/\/nomadsdiving-bali.com\/","name":"Nomads Diving Bali","description":"Eco Dive Center &amp; Scuba Training in Nusa Penida","publisher":{"@id":"https:\/\/nomadsdiving-bali.com\/#organization"},"potentialAction":[{"@type":"SearchAction","target":{"@type":"EntryPoint","urlTemplate":"https:\/\/nomadsdiving-bali.com\/?s={search_term_string}"},"query-input":{"@type":"PropertyValueSpecification","valueRequired":true,"valueName":"search_term_string"}}],"inLanguage":"fr-FR"},{"@type":"Organization","@id":"https:\/\/nomadsdiving-bali.com\/#organization","name":"Nomads Diving Bali","url":"https:\/\/nomadsdiving-bali.com\/","logo":{"@type":"ImageObject","inLanguage":"fr-FR","@id":"https:\/\/nomadsdiving-bali.com\/#\/schema\/logo\/image\/","url":"https:\/\/nomadsdiving-bali.com\/wp-content\/uploads\/2024\/01\/logo-nomadsdiving-bali-homepage-360.png","contentUrl":"https:\/\/nomadsdiving-bali.com\/wp-content\/uploads\/2024\/01\/logo-nomadsdiving-bali-homepage-360.png","width":360,"height":360,"caption":"Nomads Diving Bali"},"image":{"@id":"https:\/\/nomadsdiving-bali.com\/#\/schema\/logo\/image\/"}}]}},"_links":{"self":[{"href":"https:\/\/nomadsdiving-bali.com\/fr\/wp-json\/wp\/v2\/product\/1297"}],"collection":[{"href":"https:\/\/nomadsdiving-bali.com\/fr\/wp-json\/wp\/v2\/product"}],"about":[{"href":"https:\/\/nomadsdiving-bali.com\/fr\/wp-json\/wp\/v2\/types\/product"}],"wp:featuredmedia":[{"embeddable":true,"href":"https:\/\/nomadsdiving-bali.com\/fr\/wp-json\/wp\/v2\/media\/1074"}],"wp:attachment":[{"href":"https:\/\/nomadsdiving-bali.com\/fr\/wp-json\/wp\/v2\/media?parent=1297"}],"wp:term":[{"taxonomy":"product_brand","embeddable":true,"href":"https:\/\/nomadsdiving-bali.com\/fr\/wp-json\/wp\/v2\/product_brand?post=1297"},{"taxonomy":"product_cat","embeddable":true,"href":"https:\/\/nomadsdiving-bali.com\/fr\/wp-json\/wp\/v2\/product_cat?post=1297"},{"taxonomy":"product_tag","embeddable":true,"href":"https:\/\/nomadsdiving-bali.com\/fr\/wp-json\/wp\/v2\/product_tag?post=1297"}],"curies":[{"name":"wp","href":"https:\/\/api.w.org\/{rel}","templated":true}]}}