{"id":1296,"date":"2024-02-26T11:37:23","date_gmt":"2024-02-26T10:37:23","guid":{"rendered":"https:\/\/nomadsdiving-bali.com\/?post_type=product&#038;p=1296"},"modified":"2026-02-20T10:28:33","modified_gmt":"2026-02-20T02:28:33","slug":"advanced-adventurer","status":"publish","type":"product","link":"https:\/\/nomadsdiving-bali.com\/fr\/produit\/advanced-adventurer\/","title":{"rendered":"Advanced Open Water Course"},"content":{"rendered":"<div class=\"fusion-fullwidth fullwidth-box fusion-builder-row-1 fusion-flex-container nonhundred-percent-fullwidth non-hundred-percent-height-scrolling fusion-animated\" style=\"--awb-border-radius-top-left:0px;--awb-border-radius-top-right:0px;--awb-border-radius-bottom-right:0px;--awb-border-radius-bottom-left:0px;--awb-flex-wrap:wrap;\" data-animationtype=\"fadeInUp\" data-animationduration=\"1.3\" data-animationoffset=\"top-into-view\" ><div class=\"fusion-builder-row fusion-row fusion-flex-align-items-flex-start fusion-flex-content-wrap\" style=\"max-width:1248px;margin-left: calc(-4% \/ 2 );margin-right: calc(-4% \/ 2 );\"><div class=\"fusion-layout-column fusion_builder_column fusion-builder-column-0 fusion_builder_column_1_1 1_1 fusion-flex-column\" style=\"--awb-bg-blend:overlay;--awb-bg-size:cover;--awb-width-large:100%;--awb-margin-top-large:0px;--awb-spacing-right-large:1.92%;--awb-margin-bottom-large:0px;--awb-spacing-left-large:1.92%;--awb-width-medium:100%;--awb-spacing-right-medium:1.92%;--awb-spacing-left-medium:1.92%;--awb-width-small:100%;--awb-spacing-right-small:1.92%;--awb-spacing-left-small:1.92%;\"><div class=\"fusion-column-wrapper fusion-flex-justify-content-flex-start fusion-content-layout-column\"><div class=\"fusion-title title fusion-title-1 fusion-sep-none fusion-title-text fusion-title-size-four\"><h4 class=\"fusion-title-heading title-heading-left\" style=\"margin:0;\">Description<\/h4><\/div><div class=\"fusion-text fusion-text-1 fusion-text-no-margin\" style=\"--awb-margin-bottom:60px;\"><p>Avec ce programme, vous pouvez essayer une vari\u00e9t\u00e9 de sp\u00e9cialit\u00e9s avant de vous engager dans des programmes de sp\u00e9cialit\u00e9 complets. C'est un excellent moyen de d\u00e9couvrir ce qu'est une formation de plong\u00e9e avanc\u00e9e et \u00e0 quel point elle peut \u00eatre pr\u00e9cieuse pour vos aventures de plong\u00e9e.<\/p>\n<p>Au cours du programme Advanced Adventurer, vous essayerez 5 sp\u00e9cialit\u00e9s diff\u00e9rentes. Vous effectuerez une plong\u00e9e de formation en eau libre par sp\u00e9cialit\u00e9 apr\u00e8s un briefing complet avec votre instructeur SSI.<\/p>\n<p>Avec ce programme d'essai en plong\u00e9e sp\u00e9cialis\u00e9e, vous aurez une totale libert\u00e9 d'exploration. Vous pouvez suivre les programmes de sp\u00e9cialit\u00e9 complets \u00e0 tout moment dans le futur et y cr\u00e9diter votre formation Advanced Adventurer.<\/p>\n<p>Toutes nos plong\u00e9es sont accompagn\u00e9es d'un \u00e9quipement complet, de collations aux fruits rafra\u00eechissantes, de caf\u00e9, de th\u00e9, d'eau et d'un d\u00e9jeuner indon\u00e9sien bien m\u00e9rit\u00e9 chez Nomad.<\/p>\n<\/div><div class=\"fusion-image-element\" style=\"--awb-margin-bottom:60px;--awb-caption-text-size:var(--awb-typography3-font-size);--awb-caption-text-transform:var(--awb-typography3-text-transform);--awb-caption-text-line-height:var(--awb-typography3-line-height);--awb-caption-text-letter-spacing:var(--awb-typography3-letter-spacing);--awb-caption-margin-top:30px;--awb-caption-title-font-family:var(--awb-typography3-font-family);--awb-caption-title-font-weight:var(--awb-typography3-font-weight);--awb-caption-title-font-style:var(--awb-typography3-font-style);--awb-caption-title-size:var(--awb-typography3-font-size);--awb-caption-title-transform:var(--awb-typography3-text-transform);--awb-caption-title-line-height:var(--awb-typography3-line-height);--awb-caption-title-letter-spacing:var(--awb-typography3-letter-spacing);--awb-caption-text-font-family:var(--awb-typography3-font-family);--awb-caption-text-font-weight:var(--awb-typography3-font-weight);--awb-caption-text-font-style:var(--awb-typography3-font-style);\"><span class=\"fusion-imageframe imageframe-none imageframe-1 hover-type-none\"><img decoding=\"async\" width=\"1500\" height=\"1000\" alt=\"Nomads Diving - Dive Center in Nusa Penida\" title=\"Nomads Diving \u2013 Dive Center \u00e0 Nusa Penida\" src=\"https:\/\/nomadsdiving-bali.com\/wp-content\/uploads\/2024\/03\/photo21.jpg\" data-orig-src=\"https:\/\/nomadsdiving-bali.com\/wp-content\/uploads\/2024\/03\/photo21.jpg\" class=\"lazyload img-responsive wp-image-1390\" srcset=\"data:image\/svg+xml,%3Csvg%20xmlns%3D%27http%3A%2F%2Fwww.w3.org%2F2000%2Fsvg%27%20width%3D%271500%27%20height%3D%271000%27%20viewBox%3D%270%200%201500%201000%27%3E%3Crect%20width%3D%271500%27%20height%3D%271000%27%20fill-opacity%3D%220%22%2F%3E%3C%2Fsvg%3E\" data-srcset=\"https:\/\/nomadsdiving-bali.com\/wp-content\/uploads\/2024\/03\/photo21-200x133.jpg 200w, https:\/\/nomadsdiving-bali.com\/wp-content\/uploads\/2024\/03\/photo21-400x267.jpg 400w, https:\/\/nomadsdiving-bali.com\/wp-content\/uploads\/2024\/03\/photo21-600x400.jpg 600w, https:\/\/nomadsdiving-bali.com\/wp-content\/uploads\/2024\/03\/photo21-800x533.jpg 800w, https:\/\/nomadsdiving-bali.com\/wp-content\/uploads\/2024\/03\/photo21-1200x800.jpg 1200w, https:\/\/nomadsdiving-bali.com\/wp-content\/uploads\/2024\/03\/photo21.jpg 1500w\" data-sizes=\"auto\" data-orig-sizes=\"(max-width: 640px) 100vw, 1200px\" \/><\/span><\/div><\/div><\/div><div class=\"fusion-layout-column fusion_builder_column fusion-builder-column-1 fusion_builder_column_1_1 1_1 fusion-flex-column\" style=\"--awb-bg-size:cover;--awb-width-large:100%;--awb-margin-top-large:0px;--awb-spacing-right-large:1.92%;--awb-margin-bottom-large:20px;--awb-spacing-left-large:1.92%;--awb-width-medium:100%;--awb-order-medium:0;--awb-spacing-right-medium:1.92%;--awb-spacing-left-medium:1.92%;--awb-width-small:100%;--awb-order-small:0;--awb-spacing-right-small:1.92%;--awb-spacing-left-small:1.92%;\"><div class=\"fusion-column-wrapper fusion-column-has-shadow fusion-flex-justify-content-flex-start fusion-content-layout-column\"><div class=\"fusion-tabs fusion-tabs-1 classic nav-is-justified horizontal-tabs icon-position-left mobile-mode-carousel mobile-sticky-tabs\" style=\"--awb-margin-top:80px;--awb-margin-bottom:80px;--awb-title-border-radius-top-left:0px;--awb-title-border-radius-top-right:0px;--awb-title-border-radius-bottom-right:0px;--awb-title-border-radius-bottom-left:0px;--awb-content-padding-top:50px;--awb-content-padding-right:50px;--awb-content-padding-bottom:20px;--awb-content-padding-left:50px;--awb-title-padding-top:25px;--awb-title-padding-right:20px;--awb-title-padding-bottom:25px;--awb-title-padding-left:20px;--awb-title-font-size:24px;--awb-title-text-transform:var(--awb-typography1-text-transform);--awb-title-line-height:1.7;--awb-title-letter-spacing:var(--awb-typography1-letter-spacing);--awb-alignment:start;--awb-inactive-color:#ffffff;--awb-title-text-color:#141617;--awb-title-active-text-color:#129e76;--awb-background-color:#eff4f2;--awb-border-color:rgba(255,255,255,0);--awb-active-border-color:#129e76;--awb-title-font-family:&quot;Gentium Plus&quot;;--awb-title-font-style:normal;--awb-title-font-weight:400;\"><div class=\"nav\"><ul class=\"nav-tabs nav-justified\" role=\"tablist\"><li class=\"active\" role=\"presentation\"><a class=\"tab-link\" data-toggle=\"tab\" role=\"tab\" aria-controls=\"tab-9e0adb5960db7e19bef\" aria-selected=\"true\" id=\"fusion-tab-informations\" href=\"#tab-9e0adb5960db7e19bef\"><h3 class=\"fusion-tab-heading\"><i class=\"fontawesome-icon fa-info-circle fas\" aria-hidden=\"true\" style=\"font-size:14px;\"><\/i>INFORMATIONS<\/h3><\/a><\/li><li role=\"presentation\"><a class=\"tab-link\" data-toggle=\"tab\" role=\"tab\" aria-controls=\"tab-169cc01d920f0ba79c2\" aria-selected=\"false\" tabindex=\"-1\" id=\"fusion-tab-preparation\" href=\"#tab-169cc01d920f0ba79c2\"><h3 class=\"fusion-tab-heading\"><i class=\"fontawesome-icon fa-praying-hands fas\" aria-hidden=\"true\" style=\"font-size:14px;\"><\/i>PREPARATION<\/h3><\/a><\/li><li role=\"presentation\"><a class=\"tab-link\" data-toggle=\"tab\" role=\"tab\" aria-controls=\"tab-2a2b723132c7e75bea2\" aria-selected=\"false\" tabindex=\"-1\" id=\"fusion-tab-calendar\" href=\"#tab-2a2b723132c7e75bea2\"><h3 class=\"fusion-tab-heading\"><i class=\"fontawesome-icon fa-calendar-check fas\" aria-hidden=\"true\" style=\"font-size:14px;\"><\/i>CALENDRIER<\/h3><\/a><\/li><\/ul><\/div><div class=\"tab-content\"><div class=\"tab-pane fade fusion-clearfix in active\" role=\"tabpanel\" tabindex=\"0\" aria-labelledby=\"fusion-tab-informations\" id=\"tab-9e0adb5960db7e19bef\"><img decoding=\"async\" class=\"lazyload alignleft wp-image-2979 size-medium\" style=\"margin: 0 50px 30px 0;\" src=\"data:image\/svg+xml,%3Csvg%20xmlns%3D%27http%3A%2F%2Fwww.w3.org%2F2000%2Fsvg%27%20width%3D%27300%27%20height%3D%27379%27%20viewBox%3D%270%200%20300%20379%27%3E%3Crect%20width%3D%27300%27%20height%3D%27379%27%20fill-opacity%3D%220%22%2F%3E%3C%2Fsvg%3E\" data-orig-src=\"https:\/\/nomadsdiving-bali.com\/wp-content\/uploads\/2024\/03\/product-temp16.jpg\" alt=\"\" width=\"300\" height=\"379\" \/><\/p>\n<p><strong>DUREE :<\/strong> 2 jours, 5 plong\u00e9es<br \/>\n<strong><br \/>\nBUDGET :<\/strong> 4 900 000 IDR<br \/>\n<strong><br \/>\nAGE MINIMUM :<\/strong> 10 ans<br \/>\n<strong><br \/>\nPRE-REQUIS :<\/strong> Certification Open Water Diver requise<\/div><div class=\"tab-pane fade fusion-clearfix\" role=\"tabpanel\" tabindex=\"0\" aria-labelledby=\"fusion-tab-preparation\" id=\"tab-169cc01d920f0ba79c2\"><img decoding=\"async\" class=\"lazyload alignleft size-medium wp-image-2981\" style=\"margin: 0 50px 30px 0;\" src=\"data:image\/svg+xml,%3Csvg%20xmlns%3D%27http%3A%2F%2Fwww.w3.org%2F2000%2Fsvg%27%20width%3D%27300%27%20height%3D%27379%27%20viewBox%3D%270%200%20300%20379%27%3E%3Crect%20width%3D%27300%27%20height%3D%27379%27%20fill-opacity%3D%220%22%2F%3E%3C%2Fsvg%3E\" data-orig-src=\"https:\/\/nomadsdiving-bali.com\/wp-content\/uploads\/2024\/01\/product-temp8.jpg\" alt=\"\" width=\"300\" height=\"379\" \/><br \/>\n<strong>Pas de pr\u00e9paration requise<\/strong><\/div><div class=\"tab-pane fade fusion-clearfix\" role=\"tabpanel\" tabindex=\"0\" aria-labelledby=\"fusion-tab-calendar\" id=\"tab-2a2b723132c7e75bea2\">Veuillez v\u00e9rifier la disponibilit\u00e9 de votre session avec ce calendrier\u00a0!<\/p>\n<div align=\"center\"><div class='wpbc_only_calendar wpbc_container'><div id='calendar_booking_unselectable1'><\/div><span ><div style=\"clear:both;height:10px;\"><\/div><div class=\"wpbc_calendar_wraper wpbc_change_over_triangle wpbc_calendar_skin_legacy\"><div class=\"wpbc_cal_container bk_calendar_frame wpbc_no_custom_width  months_num_in_row_ cal_month_num_2\" style=\"\"><div id=\"calendar_booking1\"  class=\"wpbc_calendar_id_1\" >\t<div class=\"calendar_loader_frame calendar_loader_frame1\"\r\n\t\tdata-wpbc-rid=\"1\"\r\n\t\tdata-wpbc-grace=\"8000\"\r\n\t\tstyle=\"--wpbc-loader-cols: 2;\"\r\n\t>\r\n\t\t<div class=\"calendar_loader_text\">Loading...<\/div>\r\n\t\t<div class=\"calendar_loader_frame__progress_line_container\">\r\n\t\t\t<div class=\"calendar_loader_frame__progress_line\"><\/div>\r\n\t\t<\/div>\r\n\t<\/div>\r\n\t<\/div><\/div><div style=\"font-size:7px;text-align:left;margin:0 0 10px;text-shadow: none;\">Propos\u00e9 par <a href=\"https:\/\/wpbookingcalendar.com\" style=\"font-size:7px;\" target=\"_blank\" title=\"Booking Calendar plugin for WordPress\">Booking Calendar<\/a><\/div><textarea id=\"date_booking1\" name=\"date_booking1\" autocomplete=\"off\" style=\"display:none;\"><\/textarea><div class=\"block_hints datepick\"><div class=\"wpdev_hint_with_text\"><div class=\"\"><div class=\"datepick-inline wpbc_calendar_legend_table_width_height\"><table class=\"datepick wpbc_calendar\" style=\"\"><tbody><tr><td class=\"datepick-days-cell date_available wpbc_calendar_legend_day_cell_height\"><div class=\"wpbc-cell-box\">\t<div class=\"date-cell-content\">\t\t<div class=\"date-content-top\"><\/div>\t\t<a>&nbsp;<\/a>\t\t<div class=\"date-content-bottom\"><\/div>\t<\/div><\/div><\/td><\/tr><\/tbody><\/table><\/div><\/div><div class=\"block_text\">- <\/div><div class=\"block_text\">Disponible<\/div><\/div><div class=\"wpdev_hint_with_text\"><div class=\"\"><div class=\"datepick-inline wpbc_calendar_legend_table_width_height\"><table class=\"datepick wpbc_calendar\" style=\"\"><tbody><tr><td class=\"datepick-days-cell datepick-unselectable date_user_unavailable full_day_booking date_approved wpbc_calendar_legend_day_cell_height\"><div class=\"wpbc-cell-box\">\t<div class=\"date-cell-content\">\t\t<div class=\"date-content-top\"><\/div>\t\t<span>&nbsp;<\/span>\t\t<div class=\"date-content-bottom\"><\/div>\t<\/div><\/div><\/td><\/tr><\/tbody><\/table><\/div><\/div><div class=\"block_text\">- <\/div><div class=\"block_text\">R\u00e9serv\u00e9<\/div><\/div><div class=\"wpdev_hint_with_text\"><div class=\"\"><div class=\"datepick-inline wpbc_calendar_legend_table_width_height\"><table class=\"datepick wpbc_calendar\" style=\"\"><tbody><tr><td class=\"datepick-days-cell datepick-unselectable date_user_unavailable full_day_booking date2approve wpbc_calendar_legend_day_cell_height\"><div class=\"wpbc-cell-box\">\t<div class=\"date-cell-content\">\t\t<div class=\"date-content-top\"><\/div>\t\t<span>&nbsp;<\/span>\t\t<div class=\"date-content-bottom\"><\/div>\t<\/div><\/div><\/td><\/tr><\/tbody><\/table><\/div><\/div><div class=\"block_text\">- <\/div><div class=\"block_text\">En attente<\/div><\/div><div class=\"wpdev_hint_with_text\"><div class=\"\"><span class=\"wpbc_change_over_triangle\"><div class=\"datepick-inline wpbc_calendar_legend_table_width_height\"><table class=\"datepick wpbc_calendar\" style=\"\"><tbody><tr><td class=\"datepick-days-cell date_available date2approve timespartly times_clock wpbc_calendar_legend_day_cell_height\"><div class=\"wpbc-cell-box\">\t<div class=\"wpbc-diagonal-el\">\t\t<div class=\"wpbc-co-out\"><svg height=\"100%\" width=\"100%\" viewbox=\"0 0 100 100\" preserveaspectratio=\"none\"><polygon points=\"0,0 0,99 99,0\"><\/polygon><polygon points=\"0,0 0,100 49,100 49,0\"><\/polygon><\/svg><\/div>\t\t<div class=\"wpbc-co-in\"><svg height=\"100%\" width=\"100%\" viewbox=\"0 0 98 98\" preserveaspectratio=\"none\"><polygon points=\"0,99 99,99 99,0\"><\/polygon><polygon points=\"50,98 98,98 98,0 50,0\"><\/polygon><\/svg><\/div>\t<\/div>\t<div class=\"date-cell-content\">\t\t<div class=\"date-content-top\"><div class=\"wpbc_time_dots\">\u00b7<\/div><\/div>\t\t<a>&nbsp;<\/a>\t\t<div class=\"date-content-bottom\"><\/div>\t<\/div><\/div><\/td><\/tr><\/tbody><\/table><\/div><\/span><\/div><div class=\"block_text\">- <\/div><div class=\"block_text\">Partiellement r\u00e9serv\u00e9<\/div><\/div><\/div><\/div> <script type=\"text\/javascript\"> (function() { var a = setInterval( function() {  if ( ( 'undefined' === typeof _wpbc ) || ( 'undefined' === typeof jQuery ) || ! window.jQuery ) { return; } clearInterval( a ); jQuery( document ).ready( function (){ _wpbc.balancer__set_max_threads( 3 );  _wpbc.calendar__set_param_value( 1 , 'calendar_scroll_to' , false );  _wpbc.calendar__set_param_value( 1 , 'calendar_dates_start' , \"\" );  _wpbc.calendar__set_param_value( 1 , 'calendar_dates_end'   , \"\" );  _wpbc.calendar__set_param_value( 1 , 'booking_max_monthes_in_calendar' , \"2y\" );  _wpbc.calendar__set_param_value( 1 , 'booking_start_day_weeek' , \"1\" );  _wpbc.calendar__set_param_value( 1 , 'calendar_number_of_months' , \"2\" );  _wpbc.calendar__set_param_value( 1, 'days_select_mode', \"multiple\" );  _wpbc.calendar__set_param_value( 1, 'fixed__days_num', 0 );  _wpbc.calendar__set_param_value( 1, 'fixed__week_days__start',   [] );  _wpbc.calendar__set_param_value( 1, 'dynamic__days_min', 0 );  _wpbc.calendar__set_param_value( 1, 'dynamic__days_max', 0 );  _wpbc.calendar__set_param_value( 1, 'dynamic__days_specific',    [] );  _wpbc.calendar__set_param_value( 1, 'dynamic__week_days__start', [] );  _wpbc.calendar__set_param_value( 1, 'booking_date_format', \"j F Y\" );  _wpbc.calendar__set_param_value( 1, 'booking_time_format', \"Ghi\" );  if ( 'function' === typeof ( wpbc__conditions__SAVE_INITIAL__days_selection_params__bm ) ) { wpbc__conditions__SAVE_INITIAL__days_selection_params__bm( 1 ); }  wpbc_calendar_show(\"1\");  _wpbc.set_secure_param('nonce', \"3aefb38c60\");  _wpbc.set_secure_param('user_id', \"0\");  _wpbc.set_secure_param('locale', \"fr_FR\");  wpbc_calendar__load_data__ajx({\"resource_id\":1,\"booking_hash\":\"\",\"request_uri\":\"\\\/fr\\\/wp-json\\\/wp\\\/v2\\\/product\\\/1296\",\"custom_form\":\"standard\",\"aggregate_resource_id_str\":\"\",\"aggregate_type\":\"all\"}); } ); }, 500 ); })();<\/script><\/span><\/div><\/div>\n<\/div><\/div><\/div><\/div><\/div><\/div><\/div>","protected":false},"excerpt":{"rendered":"<p>Avec ce programme, vous pouvez essayer une vari\u00e9t\u00e9 de sp\u00e9cialit\u00e9s avant de vous engager dans des programmes de sp\u00e9cialit\u00e9 complets. C'est une excellente fa\u00e7on de d\u00e9couvrir ce qu'est la formation avanc\u00e9e de plongeur.<\/p>","protected":false},"featured_media":1467,"template":"","meta":{"iawp_total_views":883},"product_brand":[],"product_cat":[36],"product_tag":[],"class_list":{"0":"post-1296","1":"product","2":"type-product","3":"status-publish","4":"has-post-thumbnail","6":"product_cat-courses","8":"first","9":"instock","10":"shipping-taxable","11":"purchasable","12":"product-type-simple"},"yoast_head":"<!-- This site is optimized with the Yoast SEO plugin v24.3 - https:\/\/yoast.com\/wordpress\/plugins\/seo\/ -->\n<title>Advanced Open Water Course - Nomads Diving Bali<\/title>\n<meta name=\"robots\" content=\"index, follow, max-snippet:-1, max-image-preview:large, max-video-preview:-1\" \/>\n<link rel=\"canonical\" href=\"https:\/\/nomadsdiving-bali.com\/fr\/produit\/advanced-adventurer\/\" \/>\n<meta property=\"og:locale\" content=\"fr_FR\" \/>\n<meta property=\"og:type\" content=\"article\" \/>\n<meta property=\"og:title\" content=\"Advanced Open Water Course - Nomads Diving Bali\" \/>\n<meta property=\"og:description\" content=\"With this program, you can try a variety of specialties before committing to full specialty programs. It is a great way to experience what advanced diver training is all about.\" \/>\n<meta property=\"og:url\" content=\"https:\/\/nomadsdiving-bali.com\/fr\/produit\/advanced-adventurer\/\" \/>\n<meta property=\"og:site_name\" content=\"Nomads Diving Bali\" \/>\n<meta property=\"article:modified_time\" content=\"2026-02-20T02:28:33+00:00\" \/>\n<meta property=\"og:image\" content=\"https:\/\/nomadsdiving-bali.com\/wp-content\/uploads\/2024\/02\/product-temp13.jpg\" \/>\n\t<meta property=\"og:image:width\" content=\"2000\" \/>\n\t<meta property=\"og:image:height\" content=\"1200\" \/>\n\t<meta property=\"og:image:type\" content=\"image\/jpeg\" \/>\n<meta name=\"twitter:card\" content=\"summary_large_image\" \/>\n<meta name=\"twitter:label1\" content=\"Dur\u00e9e de lecture estim\u00e9e\" \/>\n\t<meta name=\"twitter:data1\" content=\"2 minutes\" \/>\n<script type=\"application\/ld+json\" class=\"yoast-schema-graph\">{\"@context\":\"https:\/\/schema.org\",\"@graph\":[{\"@type\":\"WebPage\",\"@id\":\"https:\/\/nomadsdiving-bali.com\/produit\/advanced-adventurer\/\",\"url\":\"https:\/\/nomadsdiving-bali.com\/produit\/advanced-adventurer\/\",\"name\":\"Advanced Open Water Course - Nomads Diving Bali\",\"isPartOf\":{\"@id\":\"https:\/\/nomadsdiving-bali.com\/#website\"},\"primaryImageOfPage\":{\"@id\":\"https:\/\/nomadsdiving-bali.com\/produit\/advanced-adventurer\/#primaryimage\"},\"image\":{\"@id\":\"https:\/\/nomadsdiving-bali.com\/produit\/advanced-adventurer\/#primaryimage\"},\"thumbnailUrl\":\"https:\/\/nomadsdiving-bali.com\/wp-content\/uploads\/2024\/02\/product-temp13.jpg\",\"datePublished\":\"2024-02-26T10:37:23+00:00\",\"dateModified\":\"2026-02-20T02:28:33+00:00\",\"breadcrumb\":{\"@id\":\"https:\/\/nomadsdiving-bali.com\/produit\/advanced-adventurer\/#breadcrumb\"},\"inLanguage\":\"fr-FR\",\"potentialAction\":[{\"@type\":\"ReadAction\",\"target\":[\"https:\/\/nomadsdiving-bali.com\/produit\/advanced-adventurer\/\"]}]},{\"@type\":\"ImageObject\",\"inLanguage\":\"fr-FR\",\"@id\":\"https:\/\/nomadsdiving-bali.com\/produit\/advanced-adventurer\/#primaryimage\",\"url\":\"https:\/\/nomadsdiving-bali.com\/wp-content\/uploads\/2024\/02\/product-temp13.jpg\",\"contentUrl\":\"https:\/\/nomadsdiving-bali.com\/wp-content\/uploads\/2024\/02\/product-temp13.jpg\",\"width\":2000,\"height\":1200,\"caption\":\"Nomads Diving - Dive Center in Nusa Penida\"},{\"@type\":\"BreadcrumbList\",\"@id\":\"https:\/\/nomadsdiving-bali.com\/produit\/advanced-adventurer\/#breadcrumb\",\"itemListElement\":[{\"@type\":\"ListItem\",\"position\":1,\"name\":\"Accueil\",\"item\":\"https:\/\/nomadsdiving-bali.com\/\"},{\"@type\":\"ListItem\",\"position\":2,\"name\":\"Products\",\"item\":\"https:\/\/nomadsdiving-bali.com\/?page_id=839\"},{\"@type\":\"ListItem\",\"position\":3,\"name\":\"Advanced Open Water Course\"}]},{\"@type\":\"WebSite\",\"@id\":\"https:\/\/nomadsdiving-bali.com\/#website\",\"url\":\"https:\/\/nomadsdiving-bali.com\/\",\"name\":\"Nomads Diving Bali\",\"description\":\"Eco Dive Center &amp; Scuba Training in Nusa Penida\",\"publisher\":{\"@id\":\"https:\/\/nomadsdiving-bali.com\/#organization\"},\"potentialAction\":[{\"@type\":\"SearchAction\",\"target\":{\"@type\":\"EntryPoint\",\"urlTemplate\":\"https:\/\/nomadsdiving-bali.com\/?s={search_term_string}\"},\"query-input\":{\"@type\":\"PropertyValueSpecification\",\"valueRequired\":true,\"valueName\":\"search_term_string\"}}],\"inLanguage\":\"fr-FR\"},{\"@type\":\"Organization\",\"@id\":\"https:\/\/nomadsdiving-bali.com\/#organization\",\"name\":\"Nomads Diving Bali\",\"url\":\"https:\/\/nomadsdiving-bali.com\/\",\"logo\":{\"@type\":\"ImageObject\",\"inLanguage\":\"fr-FR\",\"@id\":\"https:\/\/nomadsdiving-bali.com\/#\/schema\/logo\/image\/\",\"url\":\"https:\/\/nomadsdiving-bali.com\/wp-content\/uploads\/2024\/01\/logo-nomadsdiving-bali-homepage-360.png\",\"contentUrl\":\"https:\/\/nomadsdiving-bali.com\/wp-content\/uploads\/2024\/01\/logo-nomadsdiving-bali-homepage-360.png\",\"width\":360,\"height\":360,\"caption\":\"Nomads Diving Bali\"},\"image\":{\"@id\":\"https:\/\/nomadsdiving-bali.com\/#\/schema\/logo\/image\/\"}}]}<\/script>\n<!-- \/ Yoast SEO plugin. -->","yoast_head_json":{"title":"Advanced Open Water Course - Nomads Diving Bali","robots":{"index":"index","follow":"follow","max-snippet":"max-snippet:-1","max-image-preview":"max-image-preview:large","max-video-preview":"max-video-preview:-1"},"canonical":"https:\/\/nomadsdiving-bali.com\/fr\/produit\/advanced-adventurer\/","og_locale":"fr_FR","og_type":"article","og_title":"Advanced Open Water Course - Nomads Diving Bali","og_description":"With this program, you can try a variety of specialties before committing to full specialty programs. It is a great way to experience what advanced diver training is all about.","og_url":"https:\/\/nomadsdiving-bali.com\/fr\/produit\/advanced-adventurer\/","og_site_name":"Nomads Diving Bali","article_modified_time":"2026-02-20T02:28:33+00:00","og_image":[{"width":2000,"height":1200,"url":"https:\/\/nomadsdiving-bali.com\/wp-content\/uploads\/2024\/02\/product-temp13.jpg","type":"image\/jpeg"}],"twitter_card":"summary_large_image","twitter_misc":{"Dur\u00e9e de lecture estim\u00e9e":"2 minutes"},"schema":{"@context":"https:\/\/schema.org","@graph":[{"@type":"WebPage","@id":"https:\/\/nomadsdiving-bali.com\/produit\/advanced-adventurer\/","url":"https:\/\/nomadsdiving-bali.com\/produit\/advanced-adventurer\/","name":"Advanced Open Water Course - Nomads Diving Bali","isPartOf":{"@id":"https:\/\/nomadsdiving-bali.com\/#website"},"primaryImageOfPage":{"@id":"https:\/\/nomadsdiving-bali.com\/produit\/advanced-adventurer\/#primaryimage"},"image":{"@id":"https:\/\/nomadsdiving-bali.com\/produit\/advanced-adventurer\/#primaryimage"},"thumbnailUrl":"https:\/\/nomadsdiving-bali.com\/wp-content\/uploads\/2024\/02\/product-temp13.jpg","datePublished":"2024-02-26T10:37:23+00:00","dateModified":"2026-02-20T02:28:33+00:00","breadcrumb":{"@id":"https:\/\/nomadsdiving-bali.com\/produit\/advanced-adventurer\/#breadcrumb"},"inLanguage":"fr-FR","potentialAction":[{"@type":"ReadAction","target":["https:\/\/nomadsdiving-bali.com\/produit\/advanced-adventurer\/"]}]},{"@type":"ImageObject","inLanguage":"fr-FR","@id":"https:\/\/nomadsdiving-bali.com\/produit\/advanced-adventurer\/#primaryimage","url":"https:\/\/nomadsdiving-bali.com\/wp-content\/uploads\/2024\/02\/product-temp13.jpg","contentUrl":"https:\/\/nomadsdiving-bali.com\/wp-content\/uploads\/2024\/02\/product-temp13.jpg","width":2000,"height":1200,"caption":"Nomads Diving - Dive Center in Nusa Penida"},{"@type":"BreadcrumbList","@id":"https:\/\/nomadsdiving-bali.com\/produit\/advanced-adventurer\/#breadcrumb","itemListElement":[{"@type":"ListItem","position":1,"name":"Accueil","item":"https:\/\/nomadsdiving-bali.com\/"},{"@type":"ListItem","position":2,"name":"Products","item":"https:\/\/nomadsdiving-bali.com\/?page_id=839"},{"@type":"ListItem","position":3,"name":"Advanced Open Water Course"}]},{"@type":"WebSite","@id":"https:\/\/nomadsdiving-bali.com\/#website","url":"https:\/\/nomadsdiving-bali.com\/","name":"Nomads Diving Bali","description":"Eco Dive Center &amp; Scuba Training in Nusa Penida","publisher":{"@id":"https:\/\/nomadsdiving-bali.com\/#organization"},"potentialAction":[{"@type":"SearchAction","target":{"@type":"EntryPoint","urlTemplate":"https:\/\/nomadsdiving-bali.com\/?s={search_term_string}"},"query-input":{"@type":"PropertyValueSpecification","valueRequired":true,"valueName":"search_term_string"}}],"inLanguage":"fr-FR"},{"@type":"Organization","@id":"https:\/\/nomadsdiving-bali.com\/#organization","name":"Nomads Diving Bali","url":"https:\/\/nomadsdiving-bali.com\/","logo":{"@type":"ImageObject","inLanguage":"fr-FR","@id":"https:\/\/nomadsdiving-bali.com\/#\/schema\/logo\/image\/","url":"https:\/\/nomadsdiving-bali.com\/wp-content\/uploads\/2024\/01\/logo-nomadsdiving-bali-homepage-360.png","contentUrl":"https:\/\/nomadsdiving-bali.com\/wp-content\/uploads\/2024\/01\/logo-nomadsdiving-bali-homepage-360.png","width":360,"height":360,"caption":"Nomads Diving Bali"},"image":{"@id":"https:\/\/nomadsdiving-bali.com\/#\/schema\/logo\/image\/"}}]}},"_links":{"self":[{"href":"https:\/\/nomadsdiving-bali.com\/fr\/wp-json\/wp\/v2\/product\/1296"}],"collection":[{"href":"https:\/\/nomadsdiving-bali.com\/fr\/wp-json\/wp\/v2\/product"}],"about":[{"href":"https:\/\/nomadsdiving-bali.com\/fr\/wp-json\/wp\/v2\/types\/product"}],"wp:featuredmedia":[{"embeddable":true,"href":"https:\/\/nomadsdiving-bali.com\/fr\/wp-json\/wp\/v2\/media\/1467"}],"wp:attachment":[{"href":"https:\/\/nomadsdiving-bali.com\/fr\/wp-json\/wp\/v2\/media?parent=1296"}],"wp:term":[{"taxonomy":"product_brand","embeddable":true,"href":"https:\/\/nomadsdiving-bali.com\/fr\/wp-json\/wp\/v2\/product_brand?post=1296"},{"taxonomy":"product_cat","embeddable":true,"href":"https:\/\/nomadsdiving-bali.com\/fr\/wp-json\/wp\/v2\/product_cat?post=1296"},{"taxonomy":"product_tag","embeddable":true,"href":"https:\/\/nomadsdiving-bali.com\/fr\/wp-json\/wp\/v2\/product_tag?post=1296"}],"curies":[{"name":"wp","href":"https:\/\/api.w.org\/{rel}","templated":true}]}}